{"id":1975,"date":"2024-02-25T08:17:41","date_gmt":"2024-02-25T07:17:41","guid":{"rendered":"https:\/\/codetown.space\/?page_id=1975"},"modified":"2025-10-04T23:31:50","modified_gmt":"2025-10-04T21:31:50","slug":"gdpr","status":"publish","type":"page","link":"https:\/\/templars.digital\/en\/gdpr\/","title":{"rendered":"RODO Information"},"content":{"rendered":"\t\t<div data-elementor-type=\"wp-page\" data-elementor-id=\"1975\" class=\"elementor elementor-1975\" data-elementor-post-type=\"page\">\n\t\t\t\t<div data-eae-particle=\"{\r\n  &quot;particles&quot;: {\r\n    &quot;number&quot;: {\r\n      &quot;value&quot;: 80,\r\n      &quot;density&quot;: {\r\n        &quot;enable&quot;: true,\r\n        &quot;value_area&quot;: 800\r\n      }\r\n    },\r\n    &quot;color&quot;: {\r\n      &quot;value&quot;: &quot;#ea3e24&quot;\r\n    },\r\n    &quot;shape&quot;: {\r\n      &quot;type&quot;: &quot;circle&quot;,\r\n      &quot;stroke&quot;: {\r\n        &quot;width&quot;: 0,\r\n        &quot;color&quot;: &quot;#000000&quot;\r\n      },\r\n      &quot;polygon&quot;: {\r\n        &quot;nb_sides&quot;: 5\r\n      },\r\n      &quot;image&quot;: {\r\n        &quot;src&quot;: &quot;img\/github.svg&quot;,\r\n        &quot;width&quot;: 100,\r\n        &quot;height&quot;: 100\r\n      }\r\n    },\r\n    &quot;opacity&quot;: {\r\n      &quot;value&quot;: 0.5,\r\n      &quot;random&quot;: false,\r\n      &quot;anim&quot;: {\r\n        &quot;enable&quot;: false,\r\n        &quot;speed&quot;: 1,\r\n        &quot;opacity_min&quot;: 0.1,\r\n        &quot;sync&quot;: false\r\n      }\r\n    },\r\n    &quot;size&quot;: {\r\n      &quot;value&quot;: 3,\r\n      &quot;random&quot;: true,\r\n      &quot;anim&quot;: {\r\n        &quot;enable&quot;: false,\r\n        &quot;speed&quot;: 40,\r\n        &quot;size_min&quot;: 0.1,\r\n        &quot;sync&quot;: false\r\n      }\r\n    },\r\n    &quot;line_linked&quot;: {\r\n      &quot;enable&quot;: true,\r\n      &quot;distance&quot;: 150,\r\n      &quot;color&quot;: &quot;#c3c3c3&quot;,\r\n      &quot;opacity&quot;: 0.3,\r\n      &quot;width&quot;: 1\r\n    },\r\n    &quot;move&quot;: {\r\n      &quot;enable&quot;: true,\r\n      &quot;speed&quot;: 6,\r\n      &quot;direction&quot;: &quot;none&quot;,\r\n      &quot;random&quot;: false,\r\n      &quot;straight&quot;: false,\r\n      &quot;out_mode&quot;: &quot;out&quot;,\r\n      &quot;bounce&quot;: false,\r\n      &quot;attract&quot;: {\r\n        &quot;enable&quot;: false,\r\n        &quot;rotateX&quot;: 600,\r\n        &quot;rotateY&quot;: 1200\r\n      }\r\n    }\r\n  },\r\n  &quot;interactivity&quot;: {\r\n    &quot;detect_on&quot;: &quot;canvas&quot;,\r\n    &quot;events&quot;: {\r\n      &quot;onhover&quot;: {\r\n        &quot;enable&quot;: true,\r\n        &quot;mode&quot;: &quot;repulse&quot;\r\n      },\r\n      &quot;onclick&quot;: {\r\n        &quot;enable&quot;: true,\r\n        &quot;mode&quot;: &quot;push&quot;\r\n      },\r\n      &quot;resize&quot;: true\r\n    },\r\n    &quot;modes&quot;: {\r\n      &quot;grab&quot;: {\r\n        &quot;distance&quot;: 400,\r\n        &quot;line_linked&quot;: {\r\n          &quot;opacity&quot;: 1\r\n        }\r\n      },\r\n      &quot;bubble&quot;: {\r\n        &quot;distance&quot;: 400,\r\n        &quot;size&quot;: 40,\r\n        &quot;duration&quot;: 2,\r\n        &quot;opacity&quot;: 8,\r\n        &quot;speed&quot;: 3\r\n      },\r\n      &quot;repulse&quot;: {\r\n        &quot;distance&quot;: 200,\r\n        &quot;duration&quot;: 0.4\r\n      },\r\n      &quot;push&quot;: {\r\n        &quot;particles_nb&quot;: 4\r\n      },\r\n      &quot;remove&quot;: {\r\n        &quot;particles_nb&quot;: 2\r\n      }\r\n    }\r\n  },\r\n  &quot;retina_detect&quot;: true\r\n}\" class=\"has_eae_slider elementor-element elementor-element-41fb66c9 eae-particle-yes mainSubHeader e-flex e-con-boxed e-con e-parent\" data-eae-slider=\"73457\" data-id=\"41fb66c9\" data-element_type=\"container\" data-e-type=\"container\" data-settings=\"{&quot;background_background&quot;:&quot;classic&quot;,&quot;background_motion_fx_scale_effect&quot;:&quot;yes&quot;,&quot;background_motion_fx_range&quot;:&quot;viewport&quot;,&quot;background_motion_fx_mouseTrack_effect&quot;:&quot;yes&quot;,&quot;background_motion_fx_mouseTrack_speed&quot;:{&quot;unit&quot;:&quot;px&quot;,&quot;size&quot;:0.1,&quot;sizes&quot;:[]},&quot;background_motion_fx_motion_fx_scrolling&quot;:&quot;yes&quot;,&quot;background_motion_fx_motion_fx_mouse&quot;:&quot;yes&quot;,&quot;background_motion_fx_scale_speed&quot;:{&quot;unit&quot;:&quot;px&quot;,&quot;size&quot;:2,&quot;sizes&quot;:[]},&quot;background_motion_fx_scale_direction&quot;:&quot;out-in&quot;,&quot;background_motion_fx_scale_range&quot;:{&quot;unit&quot;:&quot;%&quot;,&quot;size&quot;:&quot;&quot;,&quot;sizes&quot;:{&quot;start&quot;:20,&quot;end&quot;:80}},&quot;background_motion_fx_devices&quot;:[&quot;desktop&quot;,&quot;tablet&quot;,&quot;mobile&quot;]}\">\n\t\t\t\t\t<div class=\"e-con-inner\">\n\t\t\t\t<div class=\"elementor-element elementor-element-46b9f8e6 pageTitle2 elementor-invisible elementor-widget elementor-widget-heading\" data-id=\"46b9f8e6\" data-element_type=\"widget\" data-e-type=\"widget\" data-settings=\"{&quot;_animation&quot;:&quot;fadeInDown&quot;,&quot;_animation_delay&quot;:100}\" data-widget_type=\"heading.default\">\n\t\t\t\t<div class=\"elementor-widget-container\">\n\t\t\t\t\t<p class=\"elementor-heading-title elementor-size-default\">informacje prawne<\/p>\t\t\t\t<\/div>\n\t\t\t\t<\/div>\n\t\t\t\t<div class=\"elementor-element elementor-element-29e9d75d elementor-invisible elementor-widget elementor-widget-heading\" data-id=\"29e9d75d\" data-element_type=\"widget\" data-e-type=\"widget\" data-settings=\"{&quot;_animation&quot;:&quot;fadeInDown&quot;,&quot;_animation_delay&quot;:250}\" data-widget_type=\"heading.default\">\n\t\t\t\t<div class=\"elementor-widget-container\">\n\t\t\t\t\t<h1 class=\"elementor-heading-title elementor-size-default\">Polityka RODO<\/h1>\t\t\t\t<\/div>\n\t\t\t\t<\/div>\n\t\t\t\t\t<\/div>\n\t\t\t\t<\/div>\n\t\t<div class=\"has_eae_slider elementor-element elementor-element-bee12c4 e-flex e-con-boxed elementor-invisible e-con e-parent\" data-eae-slider=\"32578\" data-id=\"bee12c4\" data-element_type=\"container\" data-e-type=\"container\" data-settings=\"{&quot;background_background&quot;:&quot;classic&quot;,&quot;animation&quot;:&quot;fadeIn&quot;,&quot;animation_delay&quot;:300}\">\n\t\t\t\t\t<div class=\"e-con-inner\">\n\t\t<section class=\"has_eae_slider elementor-element elementor-element-95cdf4b e-con-full e-flex e-con e-child\" data-eae-slider=\"3538\" data-id=\"95cdf4b\" data-element_type=\"container\" data-e-type=\"container\" data-settings=\"{&quot;animation_tablet&quot;:&quot;fadeIn&quot;}\">\n\t\t\t\t<div class=\"elementor-element elementor-element-47fbb8b elementor-widget elementor-widget-text-editor\" data-id=\"47fbb8b\" data-element_type=\"widget\" data-e-type=\"widget\" data-widget_type=\"text-editor.default\">\n\t\t\t\t<div class=\"elementor-widget-container\">\n\t\t\t\t\t\t\t\t\t<p style=\"text-align: center;\">W zwi\u0105zku z tre\u015bci\u0105 Rozporz\u0105dzenia Parlamentu Europejskiego i Rady Unii Europejskiej 2016\/679 z dnia 27 kwietnia 2016 r. w sprawie ochrony os\u00f3b fizycznych w zwi\u0105zku z przetwarzaniem danych osobowych i w sprawie swobodnego przep\u0142ywu takich danych oraz uchylenia dyrektywy 95\/46\/WE (dalej zwane \u201eRODO\u201d), a w szczeg\u00f3lno\u015bci art. 13 i 14 RODO okre\u015blaj\u0105cego obowi\u0105zek informacyjny Administratora danych, niniejszym informujemy, i\u017c:<\/p>\t\t\t\t\t\t\t\t<\/div>\n\t\t\t\t<\/div>\n\t\t\t\t<\/section>\n\t\t\t\t\t<\/div>\n\t\t\t\t<\/div>\n\t\t<div class=\"has_eae_slider elementor-element elementor-element-1f1256f e-flex e-con-boxed elementor-invisible e-con e-parent\" data-eae-slider=\"22547\" data-id=\"1f1256f\" data-element_type=\"container\" data-e-type=\"container\" data-settings=\"{&quot;background_background&quot;:&quot;classic&quot;,&quot;animation&quot;:&quot;fadeIn&quot;,&quot;animation_delay&quot;:350}\">\n\t\t\t\t\t<div class=\"e-con-inner\">\n\t\t\t\t<div class=\"elementor-element elementor-element-9b9e2d2 elementor-widget elementor-widget-text-editor\" data-id=\"9b9e2d2\" data-element_type=\"widget\" data-e-type=\"widget\" data-settings=\"{&quot;_animation_tablet&quot;:&quot;fadeIn&quot;}\" data-widget_type=\"text-editor.default\">\n\t\t\t\t<div class=\"elementor-widget-container\">\n\t\t\t\t\t\t\t\t\t<ol><li><p style=\"text-align: left;\">Administratorem Pani\/Pana danych osobowych jest Digital Templars sp. z o.o. z siedzib\u0105 w Bystej, Juliana Fa\u0142ata 4B\/4, 43-360 Bystra \u015alaska;<\/p><\/li><li style=\"text-align: left;\"><p>Kontakt\u00a0 w sprawach dotycz\u0105cych przetwarzania danych osobowych oraz korzystania z praw zwi\u0105zanych z przetwarzaniem danych jest mo\u017cliwy pod adresem: e-mail: iod@templars.digital lub pod telefonem telefon 602-404-568;<\/p><\/li><li style=\"text-align: left;\"><p>Pani\/Pana dane osobowe przetwarzane b\u0119d\u0105 w celu:<\/p><ol><li><p>przeprowadzenia przez Administratora czynno\u015bci, o kt\u00f3re Pani\/Pan wnioskuje (podstawa prawna: art. 6 ust. 1 lit. a) RODO);<\/p><\/li><li><p>zawarcia z Administratorem Umowy lub podj\u0119cia dzia\u0142a\u0144 zmierzaj\u0105cych do zawarcia Umowy z Administratorem oraz p\u00f3\u017aniejszej realizacji takiej Umowy (podstawa prawna: art. 6 ust. 1 lit. b) RODO);<\/p><\/li><li><p>zawarcia z Administratorem Umowy lub podj\u0119cia na \u017c\u0105danie podmiotu, kt\u00f3rego Pani\/Pan reprezentuje dzia\u0142a\u0144 zmierzaj\u0105cych do zawarcia Umowy z Administratorem oraz p\u00f3\u017aniejszej realizacji takiej Umowy (podstawa prawna: art. 6 ust. 1 lit. f) RODO);<\/p><\/li><li><p>wype\u0142niania obowi\u0105zk\u00f3w prawnych ci\u0105\u017c\u0105cych na Administratorze w zwi\u0105zku z realizacj\u0105 zawartych um\u00f3w (podstawa prawna: art. 6 ust. 1 lit. c) RODO);<\/p><\/li><li><p>w ramach realizacji prawnie uzasadnionego interesu Administratora, na przyk\u0142ad (1) w celu ewentualnego ustalenia, dochodzenia lub obrony przed roszczeniami, (2) w ramach wewn\u0119trznych cel\u00f3w administracyjnych, w tym analizy, statystyki i raportowania wewn\u0119trznego Administratora, (3) w celach archiwalnych i dowodowych, (4) w celu analitycznego doboru us\u0142ug do potrzeb klient\u00f3w Administratora, optymalizacji produkt\u00f3w oraz proces\u00f3w, a tak\u017ce w celu badania satysfakcji klient\u00f3w, (5) w celu oferowania Pani\/Panu przez Administratora w drodze marketingu bezpo\u015bredniego oraz promocji produkt\u00f3w i us\u0142ug realizowanych przez Administratora, a podstaw\u0105 prawn\u0105 przetwarzania danych jest art. 6 ust. 1 lit. f) RODO.<\/p><\/li><\/ol><\/li><li style=\"text-align: left;\"><p>Pani\/Pana dane osobowe mog\u0105 by\u0107 udost\u0119pniane:<\/p><ol><li><p>organom uprawnionym do \u017c\u0105dania dost\u0119pu do przetwarzanych przez Administratora danych osobowych oraz podmiotom uprawnionym do otrzymywania danych osobowych na podstawie powszechnie obowi\u0105zuj\u0105cych przepis\u00f3w prawa, w szczeg\u00f3lno\u015bci s\u0105dy, komornicy, Policja;<\/p><\/li><li><p>podmiotom przetwarzaj\u0105cym dane osobowe na zlecenie administratora np. firmom informatycznym, windykacyjnym, a tak\u017ce agencjom marketingowym oraz innym podmiotom na podstawie podpisanych z nimi przez Administratora um\u00f3w powierzenia;<\/p><\/li><\/ol><\/li><li style=\"text-align: left;\"><p>Moje dane osobowe b\u0119d\u0105 przechowywane:<\/p><ol><li><p>w zakresie realizacji zawartej przez Pani\u0105\/Pana lub przez podmiot, kt\u00f3ry Pani\/Pan reprezentuje umowy z Administratorem, przez okres jej obowi\u0105zywania, a po tym czasie przez okres konieczny dla zabezpieczenia ewentualnych roszcze\u0144 Administratora wynikaj\u0105cych z Umowy;<\/p><\/li><li><p>w zakresie realizacji czynno\u015bci, dla kt\u00f3rych podstaw\u0105 przetwarzania danych jest zgoda osoby, kt\u00f3rej dane dotycz\u0105, do momentu odwo\u0142ania takiej zgody;<\/p><\/li><li><p>w zakresie wype\u0142niania obowi\u0105zk\u00f3w prawnych ci\u0105\u017c\u0105cych na Administratorze w zwi\u0105zku z realizacj\u0105 zawartych um\u00f3w, przez okres zobowi\u0105zuj\u0105cy Administratora do wype\u0142nienia tych obowi\u0105zk\u00f3w;<\/p><\/li><li><p>w zakresie istnienia prawnie uzasadnionego interesu Administratora, przez okres, w kt\u00f3rym Administrator b\u0119dzie w stanie udokumentowa\u0107 istnienia takiego interesu, stanowi\u0105cego podstaw\u0119 przetwarzania danych lub do czasu wniesienia przez Pani\u0105\/Pana uzasadnionego sprzeciwu wobec takiego przetwarzania, chyba \u017ce Administrator b\u0119dzie w stanie wykaza\u0107 nadrz\u0119dny charakter swojego interesu prawnego wobec interes\u00f3w lub podstawowych praw i wolno\u015bci os\u00f3b, kt\u00f3rych dane dotycz\u0105;<\/p><\/li><\/ol><\/li><li style=\"text-align: left;\"><p>Ma Pani\/Pan prawo do wniesienia sprzeciwu wobec przetwarzania moich danych osobowych, gdy przetwarzanie jest niezb\u0119dne do cel\u00f3w wynikaj\u0105cych z prawnie uzasadnionych interes\u00f3w realizowanych przez administratora, przy czym w razie wniesienia sprzeciwu, Administrator przestanie przetwarza\u0107 moje dane w ww. celach, chyba \u017ce b\u0119dzie w stanie wykaza\u0107, \u017ce w stosunku do Pani\/Pana danych istniej\u0105 wa\u017cne prawnie uzasadnione podstawy, kt\u00f3re s\u0105 nadrz\u0119dne wobec Pani\/Pana interes\u00f3w, praw i wolno\u015bci lub gdy Pani\/Pana dane b\u0119d\u0105 niezb\u0119dne do ewentualnego ustalenia, dochodzenia lub obrony roszcze\u0144. W przypadkach, kiedy przetwarzanie Pani\/Pana danych odbywa si\u0119 na podstawie zgody na przetwarzanie danych osobowych, przys\u0142uguje Pani\/Panu prawo do cofni\u0119cia tej zgody w dowolnym momencie, bez wp\u0142ywu na zgodno\u015b\u0107 z prawem przetwarzania, kt\u00f3rego dokonano na podstawie zgody przed jej cofni\u0119ciem.<\/p><\/li><li style=\"text-align: left;\"><p>Posiada Pani\/Pan prawo dost\u0119pu do moich danych oraz otrzymania ich kopii, prawo ich sprostowania, usuni\u0119cia, ograniczenia przetwarzania, prawo do przeniesienia danych, a tak\u017ce prawo wniesienia skargi do Prezesa Urz\u0119du Ochrony Danych Osobowych, gdy uzna Pani\/Pan, \u017ce przetwarzanie danych osobowych narusza przepisy dotycz\u0105ce ochrony danych osobowych;<\/p><\/li><li style=\"text-align: left;\"><p>Administrator nie przetwarza danych w spos\u00f3b zautomatyzowani, ani nie prowadzi profilowania;<\/p><\/li><li><p style=\"text-align: left;\">Administrator nie przekazuje danych do pa\u0144stw trzecich, nie przetwarza danych w spos\u00f3b zautomatyzowani, ani nie prowadzi profilowania;<\/p><\/li><\/ol>\t\t\t\t\t\t\t\t<\/div>\n\t\t\t\t<\/div>\n\t\t\t\t\t<\/div>\n\t\t\t\t<\/div>\n\t\t\t\t<\/div>\n\t\t","protected":false},"excerpt":{"rendered":"<p>informacje prawne Polityka RODO W zwi\u0105zku z tre\u015bci\u0105 Rozporz\u0105dzenia Parlamentu Europejskiego i Rady Unii Europejskiej 2016\/679 z dnia 27 kwietnia 2016 r. w sprawie ochrony os\u00f3b fizycznych w zwi\u0105zku z przetwarzaniem danych osobowych i w sprawie swobodnego przep\u0142ywu takich danych oraz uchylenia dyrektywy 95\/46\/WE (dalej zwane \u201eRODO\u201d), a w szczeg\u00f3lno\u015bci art. 13 i 14 RODO [&hellip;]<\/p>\n","protected":false},"author":1,"featured_media":0,"parent":0,"menu_order":0,"comment_status":"closed","ping_status":"closed","template":"elementor_header_footer","meta":{"_monsterinsights_skip_tracking":false,"_monsterinsights_sitenote_active":false,"_monsterinsights_sitenote_note":"","_monsterinsights_sitenote_category":0,"footnotes":""},"class_list":["post-1975","page","type-page","status-publish","hentry"],"aioseo_notices":[],"_links":{"self":[{"href":"https:\/\/templars.digital\/en\/wp-json\/wp\/v2\/pages\/1975","targetHints":{"allow":["GET"]}}],"collection":[{"href":"https:\/\/templars.digital\/en\/wp-json\/wp\/v2\/pages"}],"about":[{"href":"https:\/\/templars.digital\/en\/wp-json\/wp\/v2\/types\/page"}],"author":[{"embeddable":true,"href":"https:\/\/templars.digital\/en\/wp-json\/wp\/v2\/users\/1"}],"replies":[{"embeddable":true,"href":"https:\/\/templars.digital\/en\/wp-json\/wp\/v2\/comments?post=1975"}],"version-history":[{"count":42,"href":"https:\/\/templars.digital\/en\/wp-json\/wp\/v2\/pages\/1975\/revisions"}],"predecessor-version":[{"id":4067,"href":"https:\/\/templars.digital\/en\/wp-json\/wp\/v2\/pages\/1975\/revisions\/4067"}],"wp:attachment":[{"href":"https:\/\/templars.digital\/en\/wp-json\/wp\/v2\/media?parent=1975"}],"curies":[{"name":"wp","href":"https:\/\/api.w.org\/{rel}","templated":true}]}}