{"id":39,"date":"2023-06-03T17:06:45","date_gmt":"2023-06-03T15:06:45","guid":{"rendered":"http:\/\/localhost\/?page_id=39"},"modified":"2024-03-12T22:28:29","modified_gmt":"2024-03-12T21:28:29","slug":"support","status":"publish","type":"page","link":"https:\/\/templars.digital\/en\/support\/","title":{"rendered":"Technical support"},"content":{"rendered":"\t\t<div data-elementor-type=\"wp-page\" data-elementor-id=\"39\" class=\"elementor elementor-39\" data-elementor-post-type=\"page\">\n\t\t\t\t<div data-eae-particle=\"{\r\n  &quot;particles&quot;: {\r\n    &quot;number&quot;: {\r\n      &quot;value&quot;: 80,\r\n      &quot;density&quot;: {\r\n        &quot;enable&quot;: true,\r\n        &quot;value_area&quot;: 800\r\n      }\r\n    },\r\n    &quot;color&quot;: {\r\n      &quot;value&quot;: &quot;#afafaf&quot;\r\n    },\r\n    &quot;shape&quot;: {\r\n      &quot;type&quot;: &quot;circle&quot;,\r\n      &quot;stroke&quot;: {\r\n        &quot;width&quot;: 0,\r\n        &quot;color&quot;: &quot;#000000&quot;\r\n      },\r\n      &quot;polygon&quot;: {\r\n        &quot;nb_sides&quot;: 5\r\n      },\r\n      &quot;image&quot;: {\r\n        &quot;src&quot;: &quot;img\/github.svg&quot;,\r\n        &quot;width&quot;: 100,\r\n        &quot;height&quot;: 100\r\n      }\r\n    },\r\n    &quot;opacity&quot;: {\r\n      &quot;value&quot;: 0.5,\r\n      &quot;random&quot;: false,\r\n      &quot;anim&quot;: {\r\n        &quot;enable&quot;: false,\r\n        &quot;speed&quot;: 1,\r\n        &quot;opacity_min&quot;: 0.1,\r\n        &quot;sync&quot;: false\r\n      }\r\n    },\r\n    &quot;size&quot;: {\r\n      &quot;value&quot;: 3,\r\n      &quot;random&quot;: true,\r\n      &quot;anim&quot;: {\r\n        &quot;enable&quot;: false,\r\n        &quot;speed&quot;: 40,\r\n        &quot;size_min&quot;: 0.1,\r\n        &quot;sync&quot;: false\r\n      }\r\n    },\r\n    &quot;line_linked&quot;: {\r\n      &quot;enable&quot;: true,\r\n      &quot;distance&quot;: 150,\r\n      &quot;color&quot;: &quot;#c3c3c3&quot;,\r\n      &quot;opacity&quot;: 0.3,\r\n      &quot;width&quot;: 1\r\n    },\r\n    &quot;move&quot;: {\r\n      &quot;enable&quot;: true,\r\n      &quot;speed&quot;: 6,\r\n      &quot;direction&quot;: &quot;none&quot;,\r\n      &quot;random&quot;: false,\r\n      &quot;straight&quot;: false,\r\n      &quot;out_mode&quot;: &quot;out&quot;,\r\n      &quot;bounce&quot;: false,\r\n      &quot;attract&quot;: {\r\n        &quot;enable&quot;: false,\r\n        &quot;rotateX&quot;: 600,\r\n        &quot;rotateY&quot;: 1200\r\n      }\r\n    }\r\n  },\r\n  &quot;interactivity&quot;: {\r\n    &quot;detect_on&quot;: &quot;canvas&quot;,\r\n    &quot;events&quot;: {\r\n      &quot;onhover&quot;: {\r\n        &quot;enable&quot;: true,\r\n        &quot;mode&quot;: &quot;repulse&quot;\r\n      },\r\n      &quot;onclick&quot;: {\r\n        &quot;enable&quot;: true,\r\n        &quot;mode&quot;: &quot;push&quot;\r\n      },\r\n      &quot;resize&quot;: true\r\n    },\r\n    &quot;modes&quot;: {\r\n      &quot;grab&quot;: {\r\n        &quot;distance&quot;: 400,\r\n        &quot;line_linked&quot;: {\r\n          &quot;opacity&quot;: 1\r\n        }\r\n      },\r\n      &quot;bubble&quot;: {\r\n        &quot;distance&quot;: 400,\r\n        &quot;size&quot;: 40,\r\n        &quot;duration&quot;: 2,\r\n        &quot;opacity&quot;: 8,\r\n        &quot;speed&quot;: 3\r\n      },\r\n      &quot;repulse&quot;: {\r\n        &quot;distance&quot;: 200,\r\n        &quot;duration&quot;: 0.4\r\n      },\r\n      &quot;push&quot;: {\r\n        &quot;particles_nb&quot;: 4\r\n      },\r\n      &quot;remove&quot;: {\r\n        &quot;particles_nb&quot;: 2\r\n      }\r\n    }\r\n  },\r\n  &quot;retina_detect&quot;: true\r\n}\" class=\"has_eae_slider elementor-element elementor-element-b6f9e2a eae-particle-yes e-flex e-con-boxed e-con e-parent\" data-eae-slider=\"95633\" data-id=\"b6f9e2a\" data-element_type=\"container\" data-e-type=\"container\" data-settings=\"{&quot;background_background&quot;:&quot;classic&quot;,&quot;background_motion_fx_motion_fx_scrolling&quot;:&quot;yes&quot;,&quot;background_motion_fx_scale_effect&quot;:&quot;yes&quot;,&quot;background_motion_fx_range&quot;:&quot;viewport&quot;,&quot;background_motion_fx_scale_direction&quot;:&quot;out-in&quot;,&quot;background_motion_fx_scale_speed&quot;:{&quot;unit&quot;:&quot;px&quot;,&quot;size&quot;:4,&quot;sizes&quot;:[]},&quot;background_motion_fx_scale_range&quot;:{&quot;unit&quot;:&quot;%&quot;,&quot;size&quot;:&quot;&quot;,&quot;sizes&quot;:{&quot;start&quot;:20,&quot;end&quot;:80}},&quot;background_motion_fx_devices&quot;:[&quot;desktop&quot;,&quot;tablet&quot;,&quot;mobile&quot;]}\">\n\t\t\t\t\t<div class=\"e-con-inner\">\n\t\t\t\t<div class=\"elementor-element elementor-element-8e2a681 pageTitle2 elementor-widget elementor-widget-heading\" data-id=\"8e2a681\" data-element_type=\"widget\" data-e-type=\"widget\" data-widget_type=\"heading.default\">\n\t\t\t\t<div class=\"elementor-widget-container\">\n\t\t\t\t\t<p class=\"elementor-heading-title elementor-size-default\">dane kontaktowe<\/p>\t\t\t\t<\/div>\n\t\t\t\t<\/div>\n\t\t\t\t<div class=\"elementor-element elementor-element-70c7669 pageTitle1 elementor-widget elementor-widget-heading\" data-id=\"70c7669\" data-element_type=\"widget\" data-e-type=\"widget\" data-widget_type=\"heading.default\">\n\t\t\t\t<div class=\"elementor-widget-container\">\n\t\t\t\t\t<h1 class=\"elementor-heading-title elementor-size-default\">Wsparcie techniczne<\/h1>\t\t\t\t<\/div>\n\t\t\t\t<\/div>\n\t\t\t\t\t<\/div>\n\t\t\t\t<\/div>\n\t\t<div class=\"has_eae_slider elementor-element elementor-element-e08aa63 e-flex e-con-boxed e-con e-parent\" data-eae-slider=\"15532\" data-id=\"e08aa63\" data-element_type=\"container\" data-e-type=\"container\" data-settings=\"{&quot;background_background&quot;:&quot;classic&quot;}\">\n\t\t\t\t\t<div class=\"e-con-inner\">\n\t\t<div class=\"has_eae_slider elementor-element elementor-element-fa870e8 e-grid e-con-full e-con e-child\" data-eae-slider=\"59159\" data-id=\"fa870e8\" data-element_type=\"container\" data-e-type=\"container\" data-settings=\"{&quot;background_background&quot;:&quot;classic&quot;}\">\n\t\t<div class=\"has_eae_slider elementor-element elementor-element-b09dc95 e-grid e-con-full e-con e-child\" data-eae-slider=\"64845\" data-id=\"b09dc95\" data-element_type=\"container\" data-e-type=\"container\" data-settings=\"{&quot;background_background&quot;:&quot;classic&quot;}\">\n\t\t\t\t<div class=\"elementor-element elementor-element-2c254ec elementor-widget elementor-widget-image\" data-id=\"2c254ec\" data-element_type=\"widget\" data-e-type=\"widget\" data-widget_type=\"image.default\">\n\t\t\t\t<div class=\"elementor-widget-container\">\n\t\t\t\t\t\t\t\t\t\t\t\t\t\t\t<img fetchpriority=\"high\" decoding=\"async\" width=\"800\" height=\"800\" src=\"https:\/\/templars.digital\/wp-content\/uploads\/2023\/06\/recrutation.png\" class=\"attachment-large size-large wp-image-460\" alt=\"\" \/>\t\t\t\t\t\t\t\t\t\t\t\t\t\t\t<\/div>\n\t\t\t\t<\/div>\n\t\t\t\t<\/div>\n\t\t<div class=\"has_eae_slider elementor-element elementor-element-27ae937 e-grid e-con-full e-con e-child\" data-eae-slider=\"75253\" data-id=\"27ae937\" data-element_type=\"container\" data-e-type=\"container\" data-settings=\"{&quot;background_background&quot;:&quot;classic&quot;}\">\n\t\t\t\t<div class=\"elementor-element elementor-element-8ddfe10 elementor-widget elementor-widget-heading\" data-id=\"8ddfe10\" data-element_type=\"widget\" data-e-type=\"widget\" data-widget_type=\"heading.default\">\n\t\t\t\t<div class=\"elementor-widget-container\">\n\t\t\t\t\t<h1 class=\"elementor-heading-title elementor-size-default\">Kryzysowe wsparcie technologiczne\u200b<\/h1>\t\t\t\t<\/div>\n\t\t\t\t<\/div>\n\t\t\t\t<div class=\"elementor-element elementor-element-c76b60d elementor-widget elementor-widget-text-editor\" data-id=\"c76b60d\" data-element_type=\"widget\" data-e-type=\"widget\" data-widget_type=\"text-editor.default\">\n\t\t\t\t<div class=\"elementor-widget-container\">\n\t\t\t\t\t\t\t\t\t<p>Masz problem? Skontaktuj si\u0119 z nami! Nasz zesp\u00f3\u0142 wykwalifikowanych specjalist\u00f3w podejmie si\u0119 rozwi\u0105zania Twojego problemu. W ramach pomocy dora\u017anej s\u0142u\u017cymy rad\u0105, diagnoz\u0105 problemu oraz propozycj\u0105 rozwi\u0105zania. Bez wzgl\u0119du czy rozwi\u0105zaniem b\u0119dzie przeniesienie us\u0142ug do innego dostawcy, przeprojektowanie strony czy zmiany w kodzie, opowiemy Ci pomys\u0142 na pozbycie si\u0119 problemu wraz z kosztami jego wykonania.<\/p>\t\t\t\t\t\t\t\t<\/div>\n\t\t\t\t<\/div>\n\t\t\t\t<\/div>\n\t\t\t\t<\/div>\n\t\t\t\t\t<\/div>\n\t\t\t\t<\/div>\n\t\t<div class=\"has_eae_slider elementor-element elementor-element-ced09fd e-flex e-con-boxed e-con e-parent\" data-eae-slider=\"3052\" data-id=\"ced09fd\" data-element_type=\"container\" data-e-type=\"container\" data-settings=\"{&quot;background_background&quot;:&quot;classic&quot;}\">\n\t\t\t\t\t<div class=\"e-con-inner\">\n\t\t\t\t<div class=\"elementor-element elementor-element-3f56080 elementor-widget elementor-widget-heading\" data-id=\"3f56080\" data-element_type=\"widget\" data-e-type=\"widget\" data-widget_type=\"heading.default\">\n\t\t\t\t<div class=\"elementor-widget-container\">\n\t\t\t\t\t<h3 class=\"elementor-heading-title elementor-size-default\">Odwied\u017a nas!<\/h3>\t\t\t\t<\/div>\n\t\t\t\t<\/div>\n\t\t\t\t<div class=\"elementor-element elementor-element-72fa1f4 elementor-widget elementor-widget-text-editor\" data-id=\"72fa1f4\" data-element_type=\"widget\" data-e-type=\"widget\" data-widget_type=\"text-editor.default\">\n\t\t\t\t<div class=\"elementor-widget-container\">\n\t\t\t\t\t\t\t\t\t<p>Przedstaw nam wszystkie mo\u017cliwe informacje dotycz\u0105ce powsta\u0142ej sytuacji. W ci\u0105gu kilku godzin otrzymasz od nas propozycj\u0119 rozwi\u0105zania problemu, oraz inforamcje dotycz\u0105ce koszt\u00f3w i czasu rozwi\u0105zania, je\u015bli podejmiemy si\u0119 naprawy. Wszystkie informacje podane w formularzu nie powinny zawiera\u0107 wra\u017cliwych danych &#8211; ani osobowych ani o posiadanym systemie. W momencie akceptacji naszej us\u0142ugi prze\u015blemy umow\u0119 NDA przed rozpocz\u0119ciem naprawy.<\/p>\t\t\t\t\t\t\t\t<\/div>\n\t\t\t\t<\/div>\n\t\t\t\t\t<\/div>\n\t\t\t\t<\/div>\n\t\t<div class=\"has_eae_slider elementor-element elementor-element-4c9bedd e-grid e-con-boxed e-con e-parent\" data-eae-slider=\"11702\" data-id=\"4c9bedd\" data-element_type=\"container\" data-e-type=\"container\" data-settings=\"{&quot;background_background&quot;:&quot;classic&quot;}\">\n\t\t\t\t\t<div class=\"e-con-inner\">\n\t\t<div class=\"has_eae_slider elementor-element elementor-element-f990650 e-grid e-con-full e-con e-child\" data-eae-slider=\"78204\" data-id=\"f990650\" data-element_type=\"container\" data-e-type=\"container\" data-settings=\"{&quot;background_background&quot;:&quot;classic&quot;}\">\n\t\t\t\t<div class=\"elementor-element elementor-element-db25b60 elementor-widget elementor-widget-heading\" data-id=\"db25b60\" data-element_type=\"widget\" data-e-type=\"widget\" data-widget_type=\"heading.default\">\n\t\t\t\t<div class=\"elementor-widget-container\">\n\t\t\t\t\t<h3 class=\"elementor-heading-title elementor-size-default\">Zg\u0142oszenie problemu<\/h3>\t\t\t\t<\/div>\n\t\t\t\t<\/div>\n\t\t\t\t<div class=\"elementor-element elementor-element-c409dce elementor-button-align-center elementor-widget elementor-widget-form\" data-id=\"c409dce\" data-element_type=\"widget\" data-e-type=\"widget\" data-settings=\"{&quot;step_next_label&quot;:&quot;Nast\\u0119pny&quot;,&quot;step_previous_label&quot;:&quot;Poprzedni&quot;,&quot;step_icon_shape&quot;:&quot;rounded&quot;,&quot;button_width&quot;:&quot;100&quot;,&quot;step_type&quot;:&quot;number_text&quot;}\" data-widget_type=\"form.default\">\n\t\t\t\t<div class=\"elementor-widget-container\">\n\t\t\t\t\t\t\t<form class=\"elementor-form\" method=\"post\" id=\"contact_form\" name=\"Formularz awaryjny\" aria-label=\"Formularz awaryjny\">\n\t\t\t<input type=\"hidden\" name=\"post_id\" value=\"39\"\/>\n\t\t\t<input type=\"hidden\" name=\"form_id\" value=\"c409dce\"\/>\n\t\t\t<input type=\"hidden\" name=\"referer_title\" value=\"Wsparcie techniczne - Digital Templars sp. z o.o.\" \/>\n\n\t\t\t\t\t\t\t<input type=\"hidden\" name=\"queried_id\" value=\"39\"\/>\n\t\t\t\n\t\t\t<div class=\"elementor-form-fields-wrapper elementor-labels-above\">\n\t\t\t\t\t\t\t\t<div class=\"elementor-field-type-step elementor-field-group elementor-column elementor-field-group-field_51bb84f elementor-col-100\">\n\t\t\t\t\t\t\t<div class=\"e-field-step elementor-hidden\" data-label=\"opis problemu\" data-previousButton=\"\" data-nextButton=\"\" data-iconUrl=\"\" data-iconLibrary=\"fas fa-star\" data-icon=\"&lt;svg class=&quot;e-font-icon-svg e-fas-star&quot; viewBox=&quot;0 0 576 512&quot; xmlns=&quot;http:\/\/www.w3.org\/2000\/svg&quot;&gt;&lt;path d=&quot;M259.3 17.8L194 150.2 47.9 171.5c-26.2 3.8-36.7 36.1-17.7 54.6l105.7 103-25 145.5c-4.5 26.3 23.2 46 46.4 33.7L288 439.6l130.7 68.7c23.2 12.2 50.9-7.4 46.4-33.7l-25-145.5 105.7-103c19-18.5 8.5-50.8-17.7-54.6L382 150.2 316.7 17.8c-11.7-23.6-45.6-23.9-57.4 0z&quot;&gt;&lt;\/path&gt;&lt;\/svg&gt;\" ><\/div>\n\n\t\t\t\t\t\t<\/div>\n\t\t\t\t\t\t\t\t<div class=\"elementor-field-type-textarea elementor-field-group elementor-column elementor-field-group-field_2c1d669 elementor-col-100 elementor-field-required elementor-mark-required\">\n\t\t\t\t\t\t\t\t\t\t\t\t<label for=\"form-field-field_2c1d669\" class=\"elementor-field-label\">\n\t\t\t\t\t\t\t\tOpis zdarzenia\t\t\t\t\t\t\t<\/label>\n\t\t\t\t\t\t<textarea class=\"elementor-field-textual elementor-field  elementor-size-sm\" name=\"form_fields[field_2c1d669]\" id=\"form-field-field_2c1d669\" rows=\"6\" placeholder=\"Dok\u0142adny opis problemu, z kt\u00f3rego klient si\u0119 skar\u017cy, zawieraj\u0105cy szczeg\u00f3\u0142y na temat tego, co si\u0119 dzieje, kiedy problem wyst\u0119puje i jakie efekty ma na funkcjonalno\u015b\u0107 strony.\" required=\"required\"><\/textarea>\t\t\t\t<\/div>\n\t\t\t\t\t\t\t\t<div class=\"elementor-field-type-textarea elementor-field-group elementor-column elementor-field-group-field_a9d1e3a elementor-col-50\">\n\t\t\t\t\t\t\t\t\t\t\t\t<label for=\"form-field-field_a9d1e3a\" class=\"elementor-field-label\">\n\t\t\t\t\t\t\t\tKomunikaty o b\u0142\u0119dach\t\t\t\t\t\t\t<\/label>\n\t\t\t\t\t\t<textarea class=\"elementor-field-textual elementor-field  elementor-size-sm\" name=\"form_fields[field_a9d1e3a]\" id=\"form-field-field_a9d1e3a\" rows=\"5\" placeholder=\"Je\u015bli klient otrzymuje jakiekolwiek komunikaty o b\u0142\u0119dach, potrzebuj\u0119 tych komunikat\u00f3w w celu zrozumienia rodzaju problemu i identyfikacji potencjalnej przyczyny.\"><\/textarea>\t\t\t\t<\/div>\n\t\t\t\t\t\t\t\t<div class=\"elementor-field-type-textarea elementor-field-group elementor-column elementor-field-group-field_17256ba elementor-col-50\">\n\t\t\t\t\t\t\t\t\t\t\t\t<label for=\"form-field-field_17256ba\" class=\"elementor-field-label\">\n\t\t\t\t\t\t\t\tKrok po kroku reprodukcja\t\t\t\t\t\t\t<\/label>\n\t\t\t\t\t\t<textarea class=\"elementor-field-textual elementor-field  elementor-size-sm\" name=\"form_fields[field_17256ba]\" id=\"form-field-field_17256ba\" rows=\"5\" placeholder=\"Je\u015bli klient mo\u017ce powt\u00f3rzy\u0107 problem, potrzebuj\u0119 informacji krok po kroku, jak to zrobi\u0107, aby problem wyst\u0105pi\u0142, aby m\u00f3c dok\u0142adnie zbada\u0107 i zlokalizowa\u0107 przyczyn\u0119 problemu.\"><\/textarea>\t\t\t\t<\/div>\n\t\t\t\t\t\t\t\t<div class=\"elementor-field-type-textarea elementor-field-group elementor-column elementor-field-group-field_6c063aa elementor-col-50\">\n\t\t\t\t\t\t\t\t\t\t\t\t<label for=\"form-field-field_6c063aa\" class=\"elementor-field-label\">\n\t\t\t\t\t\t\t\tInformacje o \u015brodowisku\t\t\t\t\t\t\t<\/label>\n\t\t\t\t\t\t<textarea class=\"elementor-field-textual elementor-field  elementor-size-sm\" name=\"form_fields[field_6c063aa]\" id=\"form-field-field_6c063aa\" rows=\"5\" placeholder=\"Informacje na temat \u015brodowiska, na kt\u00f3rym dzia\u0142a strona, takie jak wersja systemu operacyjnego, wersja serwera internetowego, wersja aplikacji, wersja j\u0119zyka programowania itp. To pomo\u017ce mi zreprodukowa\u0107 \u015brodowisko i zidentyfikowa\u0107 potencjalne czynniki wp\u0142ywaj\u0105ce na problem.\"><\/textarea>\t\t\t\t<\/div>\n\t\t\t\t\t\t\t\t<div class=\"elementor-field-type-textarea elementor-field-group elementor-column elementor-field-group-field_a91a611 elementor-col-50\">\n\t\t\t\t\t\t\t\t\t\t\t\t<label for=\"form-field-field_a91a611\" class=\"elementor-field-label\">\n\t\t\t\t\t\t\t\tLogi i zapisy zdarze\u0144\t\t\t\t\t\t\t<\/label>\n\t\t\t\t\t\t<textarea class=\"elementor-field-textual elementor-field  elementor-size-sm\" name=\"form_fields[field_a91a611]\" id=\"form-field-field_a91a611\" rows=\"5\" placeholder=\"Je\u015bli s\u0105 dost\u0119pne, prosi\u0142bym o dostarczenie log\u00f3w systemowych, log\u00f3w aplikacji lub innych zapis\u00f3w zdarze\u0144, kt\u00f3re mog\u0105 pom\u00f3c w identyfikacji problemu.\"><\/textarea>\t\t\t\t<\/div>\n\t\t\t\t\t\t\t\t<div class=\"elementor-field-type-textarea elementor-field-group elementor-column elementor-field-group-field_97bd115 elementor-col-50\">\n\t\t\t\t\t\t\t\t\t\t\t\t<label for=\"form-field-field_97bd115\" class=\"elementor-field-label\">\n\t\t\t\t\t\t\t\tDost\u0119p do infrastruktury\t\t\t\t\t\t\t<\/label>\n\t\t\t\t\t\t<textarea class=\"elementor-field-textual elementor-field  elementor-size-sm\" name=\"form_fields[field_97bd115]\" id=\"form-field-field_97bd115\" rows=\"5\" placeholder=\"Je\u015bli naprawa wymaga dost\u0119pu do serwera lub infrastruktury, potrzebuj\u0119 informacji dotycz\u0105cych dost\u0119pu, takich jak dane logowania, klucze SSH itp.\"><\/textarea>\t\t\t\t<\/div>\n\t\t\t\t\t\t\t\t<div class=\"elementor-field-type-textarea elementor-field-group elementor-column elementor-field-group-field_b3fc28b elementor-col-50\">\n\t\t\t\t\t\t\t\t\t\t\t\t<label for=\"form-field-field_b3fc28b\" class=\"elementor-field-label\">\n\t\t\t\t\t\t\t\tHarmonogram utrzymania\t\t\t\t\t\t\t<\/label>\n\t\t\t\t\t\t<textarea class=\"elementor-field-textual elementor-field  elementor-size-sm\" name=\"form_fields[field_b3fc28b]\" id=\"form-field-field_b3fc28b\" rows=\"5\" placeholder=\"Je\u015bli strona jest obj\u0119ta harmonogramem utrzymania, wa\u017cne jest, aby zna\u0107 terminy lub okresy, w kt\u00f3rych naprawa mo\u017ce zosta\u0107 przeprowadzona, aby minimalizowa\u0107 zak\u0142\u00f3cenia dla u\u017cytkownik\u00f3w.\"><\/textarea>\t\t\t\t<\/div>\n\t\t\t\t\t\t\t\t<div class=\"elementor-field-type-step elementor-field-group elementor-column elementor-field-group-message elementor-col-100\">\n\t\t\t\t\t\t\t<div class=\"e-field-step elementor-hidden\" data-label=\"dane kontaktowe\" data-previousButton=\"\" data-nextButton=\"\" data-iconUrl=\"\" data-iconLibrary=\"fas fa-star\" data-icon=\"&lt;svg class=&quot;e-font-icon-svg e-fas-star&quot; viewBox=&quot;0 0 576 512&quot; xmlns=&quot;http:\/\/www.w3.org\/2000\/svg&quot;&gt;&lt;path d=&quot;M259.3 17.8L194 150.2 47.9 171.5c-26.2 3.8-36.7 36.1-17.7 54.6l105.7 103-25 145.5c-4.5 26.3 23.2 46 46.4 33.7L288 439.6l130.7 68.7c23.2 12.2 50.9-7.4 46.4-33.7l-25-145.5 105.7-103c19-18.5 8.5-50.8-17.7-54.6L382 150.2 316.7 17.8c-11.7-23.6-45.6-23.9-57.4 0z&quot;&gt;&lt;\/path&gt;&lt;\/svg&gt;\" ><\/div>\n\n\t\t\t\t\t\t<\/div>\n\t\t\t\t\t\t\t\t<div class=\"elementor-field-type-email elementor-field-group elementor-column elementor-field-group-email elementor-col-100 elementor-field-required elementor-mark-required\">\n\t\t\t\t\t\t\t\t\t\t\t\t<label for=\"form-field-email\" class=\"elementor-field-label\">\n\t\t\t\t\t\t\t\tE-mail\t\t\t\t\t\t\t<\/label>\n\t\t\t\t\t\t\t\t\t\t\t\t\t\t<input size=\"1\" type=\"email\" name=\"form_fields[email]\" id=\"form-field-email\" class=\"elementor-field elementor-size-sm  elementor-field-textual\" placeholder=\"E-mail\" required=\"required\">\n\t\t\t\t\t\t\t\t\t\t\t<\/div>\n\t\t\t\t\t\t\t\t<div class=\"elementor-field-type-text elementor-field-group elementor-column elementor-field-group-name elementor-col-100\">\n\t\t\t\t\t\t\t\t\t\t\t\t<label for=\"form-field-name\" class=\"elementor-field-label\">\n\t\t\t\t\t\t\t\tTelefon\t\t\t\t\t\t\t<\/label>\n\t\t\t\t\t\t\t\t\t\t\t\t\t\t<input size=\"1\" type=\"text\" name=\"form_fields[name]\" id=\"form-field-name\" class=\"elementor-field elementor-size-sm  elementor-field-textual\" placeholder=\"Numer telefonu\">\n\t\t\t\t\t\t\t\t\t\t\t<\/div>\n\t\t\t\t\t\t\t\t<div class=\"elementor-field-type-recaptcha elementor-field-group elementor-column elementor-field-group-field_3d6bbaa elementor-col-100\">\n\t\t\t\t\t<div class=\"elementor-field\" id=\"form-field-field_3d6bbaa\"><div class=\"elementor-g-recaptcha\" data-sitekey=\"6LfiQh8TAAAAAMm2C9jrqmAjRVWbYHjHjZkZTsq6\" data-type=\"v2_checkbox\" data-theme=\"light\" data-size=\"normal\"><\/div><\/div>\t\t\t\t<\/div>\n\t\t\t\t\t\t\t\t<div class=\"elementor-field-type-acceptance elementor-field-group elementor-column elementor-field-group-policy_agreement elementor-col-100 elementor-field-required elementor-mark-required\">\n\t\t\t\t\t\t\t<div class=\"elementor-field-subgroup\">\n\t\t\t<span class=\"elementor-field-option\">\n\t\t\t\t<input type=\"checkbox\" name=\"form_fields[policy_agreement]\" id=\"form-field-policy_agreement\" class=\"elementor-field elementor-size-sm  elementor-acceptance-field\" required=\"required\">\n\t\t\t\t<label for=\"form-field-policy_agreement\">Wysy\u0142aj\u0105c wiadomo\u015b\u0107, wyra\u017casz zgod\u0119 na przetwarzanie Twoich danych w ramach kontaktu. Tre\u015b\u0107 polityki prywatno\u015bci dost\u0119pna tutaj: <a href=\"\/polityka-prywatnosci\/\">polityka prywatno\u015bci<\/a>.<\/label>\t\t\t<\/span>\n\t\t<\/div>\n\t\t\t\t\t\t<\/div>\n\t\t\t\t\t\t\t\t<div class=\"elementor-field-group elementor-column elementor-field-type-submit elementor-col-100 e-form__buttons\">\n\t\t\t\t\t<button class=\"elementor-button elementor-size-sm\" type=\"submit\">\n\t\t\t\t\t\t<span class=\"elementor-button-content-wrapper\">\n\t\t\t\t\t\t\t\t\t\t\t\t\t\t\t\t\t\t\t\t\t\t<span class=\"elementor-button-text\">Wy\u015blij<\/span>\n\t\t\t\t\t\t\t\t\t\t\t\t\t<\/span>\n\t\t\t\t\t<\/button>\n\t\t\t\t<\/div>\n\t\t\t<\/div>\n\t\t<\/form>\n\t\t\t\t\t\t<\/div>\n\t\t\t\t<\/div>\n\t\t\t\t<\/div>\n\t\t\t\t\t<\/div>\n\t\t\t\t<\/div>\n\t\t\t\t<\/div>\n\t\t","protected":false},"excerpt":{"rendered":"<p>dane kontaktowe Wsparcie techniczne Kryzysowe wsparcie technologiczne\u200b Masz problem? Skontaktuj si\u0119 z nami! Nasz zesp\u00f3\u0142 wykwalifikowanych specjalist\u00f3w podejmie si\u0119 rozwi\u0105zania Twojego problemu. W ramach pomocy dora\u017anej s\u0142u\u017cymy rad\u0105, diagnoz\u0105 problemu oraz propozycj\u0105 rozwi\u0105zania. Bez wzgl\u0119du czy rozwi\u0105zaniem b\u0119dzie przeniesienie us\u0142ug do innego dostawcy, przeprojektowanie strony czy zmiany w kodzie, opowiemy Ci pomys\u0142 na pozbycie si\u0119 [&hellip;]<\/p>\n","protected":false},"author":1,"featured_media":0,"parent":0,"menu_order":17,"comment_status":"closed","ping_status":"closed","template":"elementor_header_footer","meta":{"_monsterinsights_skip_tracking":false,"_monsterinsights_sitenote_active":false,"_monsterinsights_sitenote_note":"","_monsterinsights_sitenote_category":0,"footnotes":""},"class_list":["post-39","page","type-page","status-publish","hentry"],"aioseo_notices":[],"_links":{"self":[{"href":"https:\/\/templars.digital\/en\/wp-json\/wp\/v2\/pages\/39","targetHints":{"allow":["GET"]}}],"collection":[{"href":"https:\/\/templars.digital\/en\/wp-json\/wp\/v2\/pages"}],"about":[{"href":"https:\/\/templars.digital\/en\/wp-json\/wp\/v2\/types\/page"}],"author":[{"embeddable":true,"href":"https:\/\/templars.digital\/en\/wp-json\/wp\/v2\/users\/1"}],"replies":[{"embeddable":true,"href":"https:\/\/templars.digital\/en\/wp-json\/wp\/v2\/comments?post=39"}],"version-history":[{"count":0,"href":"https:\/\/templars.digital\/en\/wp-json\/wp\/v2\/pages\/39\/revisions"}],"wp:attachment":[{"href":"https:\/\/templars.digital\/en\/wp-json\/wp\/v2\/media?parent=39"}],"curies":[{"name":"wp","href":"https:\/\/api.w.org\/{rel}","templated":true}]}}