{"id":41,"date":"2023-06-03T17:06:59","date_gmt":"2023-06-03T15:06:59","guid":{"rendered":"http:\/\/localhost\/?page_id=41"},"modified":"2024-02-25T08:44:16","modified_gmt":"2024-02-25T07:44:16","slug":"career","status":"publish","type":"page","link":"https:\/\/templars.digital\/en\/career\/","title":{"rendered":"Career and Recruitment"},"content":{"rendered":"\t\t<div data-elementor-type=\"wp-page\" data-elementor-id=\"41\" class=\"elementor elementor-41\" data-elementor-post-type=\"page\">\n\t\t\t\t<div data-eae-particle=\"{\r\n  &quot;particles&quot;: {\r\n    &quot;number&quot;: {\r\n      &quot;value&quot;: 80,\r\n      &quot;density&quot;: {\r\n        &quot;enable&quot;: true,\r\n        &quot;value_area&quot;: 800\r\n      }\r\n    },\r\n    &quot;color&quot;: {\r\n      &quot;value&quot;: &quot;#afafaf&quot;\r\n    },\r\n    &quot;shape&quot;: {\r\n      &quot;type&quot;: &quot;circle&quot;,\r\n      &quot;stroke&quot;: {\r\n        &quot;width&quot;: 0,\r\n        &quot;color&quot;: &quot;#000000&quot;\r\n      },\r\n      &quot;polygon&quot;: {\r\n        &quot;nb_sides&quot;: 5\r\n      },\r\n      &quot;image&quot;: {\r\n        &quot;src&quot;: &quot;img\/github.svg&quot;,\r\n        &quot;width&quot;: 100,\r\n        &quot;height&quot;: 100\r\n      }\r\n    },\r\n    &quot;opacity&quot;: {\r\n      &quot;value&quot;: 0.5,\r\n      &quot;random&quot;: false,\r\n      &quot;anim&quot;: {\r\n        &quot;enable&quot;: false,\r\n        &quot;speed&quot;: 1,\r\n        &quot;opacity_min&quot;: 0.1,\r\n        &quot;sync&quot;: false\r\n      }\r\n    },\r\n    &quot;size&quot;: {\r\n      &quot;value&quot;: 3,\r\n      &quot;random&quot;: true,\r\n      &quot;anim&quot;: {\r\n        &quot;enable&quot;: false,\r\n        &quot;speed&quot;: 40,\r\n        &quot;size_min&quot;: 0.1,\r\n        &quot;sync&quot;: false\r\n      }\r\n    },\r\n    &quot;line_linked&quot;: {\r\n      &quot;enable&quot;: true,\r\n      &quot;distance&quot;: 150,\r\n      &quot;color&quot;: &quot;#c3c3c3&quot;,\r\n      &quot;opacity&quot;: 0.3,\r\n      &quot;width&quot;: 1\r\n    },\r\n    &quot;move&quot;: {\r\n      &quot;enable&quot;: true,\r\n      &quot;speed&quot;: 6,\r\n      &quot;direction&quot;: &quot;none&quot;,\r\n      &quot;random&quot;: false,\r\n      &quot;straight&quot;: false,\r\n      &quot;out_mode&quot;: &quot;out&quot;,\r\n      &quot;bounce&quot;: false,\r\n      &quot;attract&quot;: {\r\n        &quot;enable&quot;: false,\r\n        &quot;rotateX&quot;: 600,\r\n        &quot;rotateY&quot;: 1200\r\n      }\r\n    }\r\n  },\r\n  &quot;interactivity&quot;: {\r\n    &quot;detect_on&quot;: &quot;canvas&quot;,\r\n    &quot;events&quot;: {\r\n      &quot;onhover&quot;: {\r\n        &quot;enable&quot;: true,\r\n        &quot;mode&quot;: &quot;repulse&quot;\r\n      },\r\n      &quot;onclick&quot;: {\r\n        &quot;enable&quot;: true,\r\n        &quot;mode&quot;: &quot;push&quot;\r\n      },\r\n      &quot;resize&quot;: true\r\n    },\r\n    &quot;modes&quot;: {\r\n      &quot;grab&quot;: {\r\n        &quot;distance&quot;: 400,\r\n        &quot;line_linked&quot;: {\r\n          &quot;opacity&quot;: 1\r\n        }\r\n      },\r\n      &quot;bubble&quot;: {\r\n        &quot;distance&quot;: 400,\r\n        &quot;size&quot;: 40,\r\n        &quot;duration&quot;: 2,\r\n        &quot;opacity&quot;: 8,\r\n        &quot;speed&quot;: 3\r\n      },\r\n      &quot;repulse&quot;: {\r\n        &quot;distance&quot;: 200,\r\n        &quot;duration&quot;: 0.4\r\n      },\r\n      &quot;push&quot;: {\r\n        &quot;particles_nb&quot;: 4\r\n      },\r\n      &quot;remove&quot;: {\r\n        &quot;particles_nb&quot;: 2\r\n      }\r\n    }\r\n  },\r\n  &quot;retina_detect&quot;: true\r\n}\" class=\"has_eae_slider elementor-element elementor-element-3b1fdb6 eae-particle-yes e-flex e-con-boxed e-con e-parent\" data-eae-slider=\"44112\" data-id=\"3b1fdb6\" data-element_type=\"container\" data-e-type=\"container\" data-settings=\"{&quot;background_background&quot;:&quot;classic&quot;,&quot;background_motion_fx_motion_fx_scrolling&quot;:&quot;yes&quot;,&quot;background_motion_fx_scale_effect&quot;:&quot;yes&quot;,&quot;background_motion_fx_range&quot;:&quot;viewport&quot;,&quot;background_motion_fx_scale_direction&quot;:&quot;out-in&quot;,&quot;background_motion_fx_scale_speed&quot;:{&quot;unit&quot;:&quot;px&quot;,&quot;size&quot;:4,&quot;sizes&quot;:[]},&quot;background_motion_fx_scale_range&quot;:{&quot;unit&quot;:&quot;%&quot;,&quot;size&quot;:&quot;&quot;,&quot;sizes&quot;:{&quot;start&quot;:20,&quot;end&quot;:80}},&quot;background_motion_fx_devices&quot;:[&quot;desktop&quot;,&quot;tablet&quot;,&quot;mobile&quot;]}\">\n\t\t\t\t\t<div class=\"e-con-inner\">\n\t\t\t\t<div class=\"elementor-element elementor-element-1e5b528 pageTitle2 elementor-widget elementor-widget-heading\" data-id=\"1e5b528\" data-element_type=\"widget\" data-e-type=\"widget\" data-widget_type=\"heading.default\">\n\t\t\t\t<div class=\"elementor-widget-container\">\n\t\t\t\t\t<p class=\"elementor-heading-title elementor-size-default\">informacje o firmie<\/p>\t\t\t\t<\/div>\n\t\t\t\t<\/div>\n\t\t\t\t<div class=\"elementor-element elementor-element-18ab2e7 pageTitle1 elementor-widget elementor-widget-heading\" data-id=\"18ab2e7\" data-element_type=\"widget\" data-e-type=\"widget\" data-widget_type=\"heading.default\">\n\t\t\t\t<div class=\"elementor-widget-container\">\n\t\t\t\t\t<h1 class=\"elementor-heading-title elementor-size-default\">kariera i rekrutacja<\/h1>\t\t\t\t<\/div>\n\t\t\t\t<\/div>\n\t\t\t\t\t<\/div>\n\t\t\t\t<\/div>\n\t\t<div class=\"has_eae_slider elementor-element elementor-element-f5035be e-flex e-con-boxed e-con e-parent\" data-eae-slider=\"7924\" data-id=\"f5035be\" data-element_type=\"container\" data-e-type=\"container\" data-settings=\"{&quot;background_background&quot;:&quot;classic&quot;}\">\n\t\t\t\t\t<div class=\"e-con-inner\">\n\t\t<div class=\"has_eae_slider elementor-element elementor-element-d3863c3 e-grid e-con-full e-con e-child\" data-eae-slider=\"82906\" data-id=\"d3863c3\" data-element_type=\"container\" data-e-type=\"container\" data-settings=\"{&quot;background_background&quot;:&quot;classic&quot;}\">\n\t\t<div class=\"has_eae_slider elementor-element elementor-element-dd632eb e-grid e-con-full e-con e-child\" data-eae-slider=\"89948\" data-id=\"dd632eb\" data-element_type=\"container\" data-e-type=\"container\" data-settings=\"{&quot;background_background&quot;:&quot;classic&quot;}\">\n\t\t\t\t<div class=\"elementor-element elementor-element-2c3a9fd elementor-widget elementor-widget-heading\" data-id=\"2c3a9fd\" data-element_type=\"widget\" data-e-type=\"widget\" data-widget_type=\"heading.default\">\n\t\t\t\t<div class=\"elementor-widget-container\">\n\t\t\t\t\t<h1 class=\"elementor-heading-title elementor-size-default\">Kariera w <br \/>Digital Templars<\/h1>\t\t\t\t<\/div>\n\t\t\t\t<\/div>\n\t\t\t\t<div class=\"elementor-element elementor-element-d495944 elementor-widget elementor-widget-text-editor\" data-id=\"d495944\" data-element_type=\"widget\" data-e-type=\"widget\" data-widget_type=\"text-editor.default\">\n\t\t\t\t<div class=\"elementor-widget-container\">\n\t\t\t\t\t\t\t\t\t<p>Praca w naszej firmie IT to profesjonalna \u015bcie\u017cka kariery w niewielkich, zgranych zespo\u0142ach, promuj\u0105cych wsp\u00f3\u0142prac\u0119 i rozw\u00f3j. Nasza atmosfera jest przyjazna, otwarta na nowe pomys\u0142y i inicjatywy, a nauka to integralna cz\u0119\u015b\u0107 naszej kultury. Do\u0142\u0105cz do nas i czerp rado\u015b\u0107 z pracy, b\u0119d\u0105c cz\u0119\u015bci\u0105 rozwijaj\u0105cej si\u0119 spo\u0142eczno\u015bci bran\u017cy IT.<\/p>\t\t\t\t\t\t\t\t<\/div>\n\t\t\t\t<\/div>\n\t\t\t\t<\/div>\n\t\t<div class=\"has_eae_slider elementor-element elementor-element-a92b7a9 e-grid e-con-full e-con e-child\" data-eae-slider=\"89029\" data-id=\"a92b7a9\" data-element_type=\"container\" data-e-type=\"container\" data-settings=\"{&quot;background_background&quot;:&quot;classic&quot;}\">\n\t\t\t\t<div class=\"elementor-element elementor-element-63f0174 elementor-widget elementor-widget-image\" data-id=\"63f0174\" data-element_type=\"widget\" data-e-type=\"widget\" data-widget_type=\"image.default\">\n\t\t\t\t<div class=\"elementor-widget-container\">\n\t\t\t\t\t\t\t\t\t\t\t\t\t\t\t<img fetchpriority=\"high\" decoding=\"async\" width=\"800\" height=\"800\" src=\"https:\/\/templars.digital\/wp-content\/uploads\/2023\/06\/recrutation.png\" class=\"attachment-large size-large wp-image-460\" alt=\"\" \/>\t\t\t\t\t\t\t\t\t\t\t\t\t\t\t<\/div>\n\t\t\t\t<\/div>\n\t\t\t\t<\/div>\n\t\t\t\t<\/div>\n\t\t\t\t\t<\/div>\n\t\t\t\t<\/div>\n\t\t<div class=\"has_eae_slider elementor-element elementor-element-d5cf9bc e-grid e-con-boxed e-con e-parent\" data-eae-slider=\"69620\" data-id=\"d5cf9bc\" data-element_type=\"container\" data-e-type=\"container\" data-settings=\"{&quot;background_background&quot;:&quot;classic&quot;}\">\n\t\t\t\t\t<div class=\"e-con-inner\">\n\t\t<div class=\"has_eae_slider elementor-element elementor-element-6aac846 e-con-full e-flex e-con e-child\" data-eae-slider=\"66241\" data-id=\"6aac846\" data-element_type=\"container\" data-e-type=\"container\" data-settings=\"{&quot;background_background&quot;:&quot;classic&quot;}\">\n\t\t\t\t<div class=\"elementor-element elementor-element-11aedf7 elementor-widget elementor-widget-heading\" data-id=\"11aedf7\" data-element_type=\"widget\" data-e-type=\"widget\" data-widget_type=\"heading.default\">\n\t\t\t\t<div class=\"elementor-widget-container\">\n\t\t\t\t\t<h4 class=\"elementor-heading-title elementor-size-default\">Proces rekrutacji<\/h4>\t\t\t\t<\/div>\n\t\t\t\t<\/div>\n\t\t<div class=\"has_eae_slider elementor-element elementor-element-9edb1b8 e-con-full e-flex e-con e-child\" data-eae-slider=\"49766\" data-id=\"9edb1b8\" data-element_type=\"container\" data-e-type=\"container\" data-settings=\"{&quot;background_background&quot;:&quot;classic&quot;}\">\n\t\t<div class=\"has_eae_slider elementor-element elementor-element-cbd9dae e-con-full e-flex e-con e-child\" data-eae-slider=\"58640\" data-id=\"cbd9dae\" data-element_type=\"container\" data-e-type=\"container\" data-settings=\"{&quot;background_background&quot;:&quot;classic&quot;}\">\n\t\t\t\t<div class=\"elementor-element elementor-element-dab2ca7 elementor-widget elementor-widget-text-editor\" data-id=\"dab2ca7\" data-element_type=\"widget\" data-e-type=\"widget\" data-widget_type=\"text-editor.default\">\n\t\t\t\t<div class=\"elementor-widget-container\">\n\t\t\t\t\t\t\t\t\t<p>Nasz proces rekrutacji na stanowiska techniczne to starannie przemy\u015blany i skonstruowany etapowo, aby zapewni\u0107, \u017ce do naszego zespo\u0142u do\u0142\u0105czaj\u0105 tylko najlepsi specjali\u015bci. Pierwszy krok to rozmowa mi\u0119kka z naszym dzia\u0142em HR. To moment, w kt\u00f3rym dowiemy si\u0119 wi\u0119cej o Tobie, Twoich aspiracjach i celach zawodowych. Nasz zesp\u00f3\u0142 HR zrobi wszystko, aby\u015b poczu\u0142 si\u0119 komfortowo i mia\u0142 okazj\u0119 przedstawi\u0107 swoje do\u015bwiadczenie oraz pasj\u0119 do pracy w bran\u017cy IT. Chcemy, aby\u015b m\u00f3g\u0142 podzieli\u0107 si\u0119 swoj\u0105 histori\u0105 i zrozumie\u0107, dlaczego chcia\u0142by\u015b do\u0142\u0105czy\u0107 do naszej firmy.<\/p>\t\t\t\t\t\t\t\t<\/div>\n\t\t\t\t<\/div>\n\t\t\t\t<div class=\"elementor-element elementor-element-89dc4ef elementor-widget elementor-widget-text-editor\" data-id=\"89dc4ef\" data-element_type=\"widget\" data-e-type=\"widget\" data-widget_type=\"text-editor.default\">\n\t\t\t\t<div class=\"elementor-widget-container\">\n\t\t\t\t\t\t\t\t\t<p>Po udanej rozmowie mi\u0119kkiej przechodzimy do drugiego etapu, kt\u00f3ry polega na rozmowie technicznej z przedstawicielem zespo\u0142u. To w\u0142a\u015bnie tutaj b\u0119dziesz mia\u0142 okazj\u0119 zademonstrowa\u0107 swoje umiej\u0119tno\u015bci techniczne i g\u0142\u0119bok\u0105 wiedz\u0119 bran\u017cow\u0105. Rozmowa techniczna pozwoli nam oceni\u0107, czy jeste\u015b odpowiednim kandydatem na stanowisko, kt\u00f3re Ci\u0119 interesuje. Niezale\u017cnie od poziomu do\u015bwiadczenia, dajemy wszystkim r\u00f3wne szanse i staramy si\u0119 zrozumie\u0107 Twoje mocne strony oraz obszary, kt\u00f3re mo\u017cesz jeszcze rozwija\u0107.<\/p>\t\t\t\t\t\t\t\t<\/div>\n\t\t\t\t<\/div>\n\t\t\t\t<div class=\"elementor-element elementor-element-002bbef elementor-widget elementor-widget-text-editor\" data-id=\"002bbef\" data-element_type=\"widget\" data-e-type=\"widget\" data-widget_type=\"text-editor.default\">\n\t\t\t\t<div class=\"elementor-widget-container\">\n\t\t\t\t\t\t\t\t\t<p>Naszym celem jest stworzenie zr\u00f3\u017cnicowanego i utalentowanego zespo\u0142u, kt\u00f3ry b\u0119dzie d\u0105\u017cy\u0142 do osi\u0105gania wsp\u00f3lnych cel\u00f3w. Nasza firma IT jest miejscem, w kt\u00f3rym liczy si\u0119 pasja do technologii, ch\u0119\u0107 ci\u0105g\u0142ego rozwoju i wsp\u00f3\u0142praca z innymi profesjonalistami. Dlatego nasz proces rekrutacji zosta\u0142 starannie zaprojektowany, aby zapewni\u0107, \u017ce ka\u017cdy kandydat ma okazj\u0119 zaprezentowa\u0107 si\u0119 z jak najlepszej strony. Jeste\u015bmy przekonani, \u017ce do\u0142\u0105czenie do naszej firmy to krok w kierunku ciekawej i satysfakcjonuj\u0105cej kariery w \u015bwiecie technologii.<\/p>\t\t\t\t\t\t\t\t<\/div>\n\t\t\t\t<\/div>\n\t\t\t\t<\/div>\n\t\t\t\t<\/div>\n\t\t\t\t<\/div>\n\t\t\t\t\t<\/div>\n\t\t\t\t<\/div>\n\t\t<div class=\"has_eae_slider elementor-element elementor-element-5fbb01c e-flex e-con-boxed e-con e-parent\" data-eae-slider=\"11265\" data-id=\"5fbb01c\" data-element_type=\"container\" data-e-type=\"container\" data-settings=\"{&quot;background_background&quot;:&quot;classic&quot;}\">\n\t\t\t\t\t<div class=\"e-con-inner\">\n\t\t<div class=\"has_eae_slider elementor-element elementor-element-dff2bc1 e-grid e-con-full e-con e-child\" data-eae-slider=\"37236\" data-id=\"dff2bc1\" data-element_type=\"container\" data-e-type=\"container\" data-settings=\"{&quot;background_background&quot;:&quot;classic&quot;}\">\n\t\t<div class=\"has_eae_slider elementor-element elementor-element-48d0119 e-grid e-con-full e-con e-child\" data-eae-slider=\"43692\" data-id=\"48d0119\" data-element_type=\"container\" data-e-type=\"container\" data-settings=\"{&quot;background_background&quot;:&quot;classic&quot;}\">\n\t\t\t\t<div class=\"elementor-element elementor-element-68c305f elementor-widget elementor-widget-image\" data-id=\"68c305f\" data-element_type=\"widget\" data-e-type=\"widget\" data-widget_type=\"image.default\">\n\t\t\t\t<div class=\"elementor-widget-container\">\n\t\t\t\t\t\t\t\t\t\t\t\t\t\t\t<img fetchpriority=\"high\" decoding=\"async\" width=\"800\" height=\"800\" src=\"https:\/\/templars.digital\/wp-content\/uploads\/2023\/06\/recrutation.png\" class=\"attachment-large size-large wp-image-460\" alt=\"\" \/>\t\t\t\t\t\t\t\t\t\t\t\t\t\t\t<\/div>\n\t\t\t\t<\/div>\n\t\t\t\t<\/div>\n\t\t<div class=\"has_eae_slider elementor-element elementor-element-38eeb43 e-grid e-con-full e-con e-child\" data-eae-slider=\"19251\" data-id=\"38eeb43\" data-element_type=\"container\" data-e-type=\"container\" data-settings=\"{&quot;background_background&quot;:&quot;classic&quot;}\">\n\t\t\t\t<div class=\"elementor-element elementor-element-f919295 elementor-widget elementor-widget-heading\" data-id=\"f919295\" data-element_type=\"widget\" data-e-type=\"widget\" data-widget_type=\"heading.default\">\n\t\t\t\t<div class=\"elementor-widget-container\">\n\t\t\t\t\t<h2 class=\"elementor-heading-title elementor-size-default\">Nowe zg\u0142oszenia<\/h2>\t\t\t\t<\/div>\n\t\t\t\t<\/div>\n\t\t<div class=\"has_eae_slider elementor-element elementor-element-29b4bc0 e-grid e-con-full e-con e-child\" data-eae-slider=\"86957\" data-id=\"29b4bc0\" data-element_type=\"container\" data-e-type=\"container\" data-settings=\"{&quot;background_background&quot;:&quot;classic&quot;}\">\n\t\t\t\t<div class=\"elementor-element elementor-element-0a6e499 elementor-widget elementor-widget-text-editor\" data-id=\"0a6e499\" data-element_type=\"widget\" data-e-type=\"widget\" data-widget_type=\"text-editor.default\">\n\t\t\t\t<div class=\"elementor-widget-container\">\n\t\t\t\t\t\t\t\t\tStatus:<strong> rekrutacja zamkni\u0119ta<\/strong>\t\t\t\t\t\t\t\t<\/div>\n\t\t\t\t<\/div>\n\t\t\t\t<\/div>\n\t\t\t\t<div class=\"elementor-element elementor-element-4b027ed elementor-widget elementor-widget-text-editor\" data-id=\"4b027ed\" data-element_type=\"widget\" data-e-type=\"widget\" data-widget_type=\"text-editor.default\">\n\t\t\t\t<div class=\"elementor-widget-container\">\n\t\t\t\t\t\t\t\t\t<p>Pragniemy podzi\u0119kowa\u0107 wszystkim zainteresowanym kandydatom za ich zainteresowanie nasz\u0105 firm\u0105. Chocia\u017c obecnie nie prowadzimy rekrutacji, to niebawem mog\u0105 si\u0119 pojawi\u0107 nowe mo\u017cliwo\u015bci zawodowe, o kt\u00f3rych poinformujemy na naszych profilach spo\u0142eczno\u015bciowych. Dzi\u0119kujemy za \u015bledzenie naszej dzia\u0142alno\u015bci i czekamy na przysz\u0142\u0105 okazj\u0119 do wsp\u00f3\u0142pracy!<\/p>\t\t\t\t\t\t\t\t<\/div>\n\t\t\t\t<\/div>\n\t\t\t\t<\/div>\n\t\t\t\t<\/div>\n\t\t\t\t\t<\/div>\n\t\t\t\t<\/div>\n\t\t\t\t<\/div>\n\t\t","protected":false},"excerpt":{"rendered":"<p>informacje o firmie kariera i rekrutacja Kariera w Digital Templars Praca w naszej firmie IT to profesjonalna \u015bcie\u017cka kariery w niewielkich, zgranych zespo\u0142ach, promuj\u0105cych wsp\u00f3\u0142prac\u0119 i rozw\u00f3j. Nasza atmosfera jest przyjazna, otwarta na nowe pomys\u0142y i inicjatywy, a nauka to integralna cz\u0119\u015b\u0107 naszej kultury. Do\u0142\u0105cz do nas i czerp rado\u015b\u0107 z pracy, b\u0119d\u0105c cz\u0119\u015bci\u0105 rozwijaj\u0105cej [&hellip;]<\/p>\n","protected":false},"author":1,"featured_media":0,"parent":0,"menu_order":13,"comment_status":"closed","ping_status":"closed","template":"elementor_header_footer","meta":{"_monsterinsights_skip_tracking":false,"_monsterinsights_sitenote_active":false,"_monsterinsights_sitenote_note":"","_monsterinsights_sitenote_category":0,"footnotes":""},"class_list":["post-41","page","type-page","status-publish","hentry"],"aioseo_notices":[],"_links":{"self":[{"href":"https:\/\/templars.digital\/en\/wp-json\/wp\/v2\/pages\/41","targetHints":{"allow":["GET"]}}],"collection":[{"href":"https:\/\/templars.digital\/en\/wp-json\/wp\/v2\/pages"}],"about":[{"href":"https:\/\/templars.digital\/en\/wp-json\/wp\/v2\/types\/page"}],"author":[{"embeddable":true,"href":"https:\/\/templars.digital\/en\/wp-json\/wp\/v2\/users\/1"}],"replies":[{"embeddable":true,"href":"https:\/\/templars.digital\/en\/wp-json\/wp\/v2\/comments?post=41"}],"version-history":[{"count":0,"href":"https:\/\/templars.digital\/en\/wp-json\/wp\/v2\/pages\/41\/revisions"}],"wp:attachment":[{"href":"https:\/\/templars.digital\/en\/wp-json\/wp\/v2\/media?parent=41"}],"curies":[{"name":"wp","href":"https:\/\/api.w.org\/{rel}","templated":true}]}}