{"id":4204,"date":"2026-02-17T16:55:58","date_gmt":"2026-02-17T15:55:58","guid":{"rendered":"https:\/\/templars.digital\/?page_id=4204"},"modified":"2026-02-17T17:09:55","modified_gmt":"2026-02-17T16:09:55","slug":"courses","status":"publish","type":"page","link":"https:\/\/templars.digital\/en\/courses\/","title":{"rendered":"Szkolenia"},"content":{"rendered":"<div data-elementor-type=\"wp-page\" data-elementor-id=\"4204\" class=\"elementor elementor-4204\" data-elementor-post-type=\"page\">\n\t\t\t\t<div data-eae-particle=\"{  &quot;particles&quot;: {    &quot;number&quot;: {      &quot;value&quot;: 80,      &quot;density&quot;: {        &quot;enable&quot;: true,        &quot;value_area&quot;: 800      }    },    &quot;color&quot;: {      &quot;value&quot;: &quot;#ea3e24&quot;    },    &quot;shape&quot;: {      &quot;type&quot;: &quot;circle&quot;,      &quot;stroke&quot;: {        &quot;width&quot;: 0,        &quot;color&quot;: &quot;#000000&quot;      },      &quot;polygon&quot;: {        &quot;nb_sides&quot;: 5      },      &quot;image&quot;: {        &quot;src&quot;: &quot;img\/github.svg&quot;,        &quot;width&quot;: 100,        &quot;height&quot;: 100      }    },    &quot;opacity&quot;: {      &quot;value&quot;: 0.5,      &quot;random&quot;: false,      &quot;anim&quot;: {        &quot;enable&quot;: false,        &quot;speed&quot;: 1,        &quot;opacity_min&quot;: 0.1,        &quot;sync&quot;: false      }    },    &quot;size&quot;: {      &quot;value&quot;: 3,      &quot;random&quot;: true,      &quot;anim&quot;: {        &quot;enable&quot;: false,        &quot;speed&quot;: 40,        &quot;size_min&quot;: 0.1,        &quot;sync&quot;: false      }    },    &quot;line_linked&quot;: {      &quot;enable&quot;: true,      &quot;distance&quot;: 150,      &quot;color&quot;: &quot;#c3c3c3&quot;,      &quot;opacity&quot;: 0.3,      &quot;width&quot;: 1    },    &quot;move&quot;: {      &quot;enable&quot;: true,      &quot;speed&quot;: 6,      &quot;direction&quot;: &quot;none&quot;,      &quot;random&quot;: false,      &quot;straight&quot;: false,      &quot;out_mode&quot;: &quot;out&quot;,      &quot;bounce&quot;: false,      &quot;attract&quot;: {        &quot;enable&quot;: false,        &quot;rotateX&quot;: 600,        &quot;rotateY&quot;: 1200      }    }  },  &quot;interactivity&quot;: {    &quot;detect_on&quot;: &quot;canvas&quot;,    &quot;events&quot;: {      &quot;onhover&quot;: {        &quot;enable&quot;: true,        &quot;mode&quot;: &quot;repulse&quot;      },      &quot;onclick&quot;: {        &quot;enable&quot;: true,        &quot;mode&quot;: &quot;push&quot;      },      &quot;resize&quot;: true    },    &quot;modes&quot;: {      &quot;grab&quot;: {        &quot;distance&quot;: 400,        &quot;line_linked&quot;: {          &quot;opacity&quot;: 1        }      },      &quot;bubble&quot;: {        &quot;distance&quot;: 400,        &quot;size&quot;: 40,        &quot;duration&quot;: 2,        &quot;opacity&quot;: 8,        &quot;speed&quot;: 3      },      &quot;repulse&quot;: {        &quot;distance&quot;: 200,        &quot;duration&quot;: 0.4      },      &quot;push&quot;: {        &quot;particles_nb&quot;: 4      },      &quot;remove&quot;: {        &quot;particles_nb&quot;: 2      }    }  },  &quot;retina_detect&quot;: true}\" class=\"has_eae_slider elementor-element elementor-element-b130a71 eae-particle-yes e-flex e-con-boxed e-con e-parent\" data-eae-slider=\"99768\" data-id=\"b130a71\" data-element_type=\"container\" data-e-type=\"container\" data-settings=\"{&quot;background_background&quot;:&quot;classic&quot;}\">\n\t\t\t\t\t<div class=\"e-con-inner\">\n\t\t\t\t<div class=\"elementor-element elementor-element-83c461a pageTitle2 elementor-widget elementor-widget-heading\" data-id=\"83c461a\" data-element_type=\"widget\" data-e-type=\"widget\" data-widget_type=\"heading.default\">\n\t\t\t\t<div class=\"elementor-widget-container\">\n\t\t\t\t\t<p class=\"elementor-heading-title elementor-size-default\">Poznaj nasz\u0105 ofert\u0119<\/p>\t\t\t\t<\/div>\n\t\t\t\t<\/div>\n\t\t\t\t<div class=\"elementor-element elementor-element-d8b3d9e elementor-widget elementor-widget-heading\" data-id=\"d8b3d9e\" data-element_type=\"widget\" data-e-type=\"widget\" data-widget_type=\"heading.default\">\n\t\t\t\t<div class=\"elementor-widget-container\">\n\t\t\t\t\t<h1 class=\"elementor-heading-title elementor-size-default\">Szkolenia<\/h1>\t\t\t\t<\/div>\n\t\t\t\t<\/div>\n\t\t\t\t\t<\/div>\n\t\t\t\t<\/div>\n\t\t<div class=\"has_eae_slider elementor-element elementor-element-fbff399 e-flex e-con-boxed e-con e-parent\" data-eae-slider=\"46729\" data-id=\"fbff399\" data-element_type=\"container\" data-e-type=\"container\">\n\t\t\t\t\t<div class=\"e-con-inner\">\n\t\t<div class=\"has_eae_slider elementor-element elementor-element-44db266 e-con-full e-flex e-con e-child\" data-eae-slider=\"91433\" data-id=\"44db266\" data-element_type=\"container\" data-e-type=\"container\">\n\t\t\t\t<div class=\"elementor-element elementor-element-2916be4 elementor-widget elementor-widget-heading\" data-id=\"2916be4\" data-element_type=\"widget\" data-e-type=\"widget\" data-widget_type=\"heading.default\">\n\t\t\t\t<div class=\"elementor-widget-container\">\n\t\t\t\t\t<h2 class=\"elementor-heading-title elementor-size-default\">Jeste\u015bmy Trenerami!<\/h2>\t\t\t\t<\/div>\n\t\t\t\t<\/div>\n\t\t<div class=\"has_eae_slider elementor-element elementor-element-e480640 e-grid e-con-full e-con e-child\" data-eae-slider=\"89282\" data-id=\"e480640\" data-element_type=\"container\" data-e-type=\"container\" data-settings=\"{&quot;background_background&quot;:&quot;classic&quot;}\">\n\t\t\t\t<div class=\"elementor-element elementor-element-4fa3084 elementor-widget elementor-widget-image\" data-id=\"4fa3084\" data-element_type=\"widget\" data-e-type=\"widget\" data-widget_type=\"image.default\">\n\t\t\t\t<div class=\"elementor-widget-container\">\n\t\t\t\t\t\t\t\t\t\t\t\t\t\t\t<img fetchpriority=\"high\" decoding=\"async\" width=\"300\" height=\"241\" src=\"https:\/\/templars.digital\/wp-content\/uploads\/2026\/02\/VCC-FUNDACJA_logo_PARTNER-EGZAMINACYJNY.png\" class=\"attachment-large size-large wp-image-4207\" alt=\"\" srcset=\"https:\/\/templars.digital\/wp-content\/uploads\/2026\/02\/VCC-FUNDACJA_logo_PARTNER-EGZAMINACYJNY.png 300w, https:\/\/templars.digital\/wp-content\/uploads\/2026\/02\/VCC-FUNDACJA_logo_PARTNER-EGZAMINACYJNY-15x12.png 15w\" sizes=\"(max-width: 300px) 100vw, 300px\" \/>\t\t\t\t\t\t\t\t\t\t\t\t\t\t\t<\/div>\n\t\t\t\t<\/div>\n\t\t\t\t<div class=\"elementor-element elementor-element-106136b elementor-widget elementor-widget-text-editor\" data-id=\"106136b\" data-element_type=\"widget\" data-e-type=\"widget\" data-widget_type=\"text-editor.default\">\n\t\t\t\t<div class=\"elementor-widget-container\">\n\t\t\t\t\t\t\t\t\t<p>Nasza firma przesz\u0142a pozytywnie proces akredytacji i uzyska\u0142a status Akademii Edukacyjnej VCC oraz Partnera Egzaminacyjnego VCC!<\/p>\t\t\t\t\t\t\t\t<\/div>\n\t\t\t\t<\/div>\n\t\t\t\t<\/div>\n\t\t\t\t<\/div>\n\t\t\t\t<div class=\"elementor-element elementor-element-e5835fa elementor-widget elementor-widget-image\" data-id=\"e5835fa\" data-element_type=\"widget\" data-e-type=\"widget\" data-widget_type=\"image.default\">\n\t\t\t\t<div class=\"elementor-widget-container\">\n\t\t\t\t\t\t\t\t\t\t\t\t\t\t\t<img decoding=\"async\" width=\"349\" height=\"389\" src=\"https:\/\/templars.digital\/wp-content\/uploads\/2026\/02\/VCC_logo_AKADEMIA-EDUKACYJNA.png\" class=\"attachment-large size-large wp-image-4206\" alt=\"\" srcset=\"https:\/\/templars.digital\/wp-content\/uploads\/2026\/02\/VCC_logo_AKADEMIA-EDUKACYJNA.png 349w, https:\/\/templars.digital\/wp-content\/uploads\/2026\/02\/VCC_logo_AKADEMIA-EDUKACYJNA-269x300.png 269w, https:\/\/templars.digital\/wp-content\/uploads\/2026\/02\/VCC_logo_AKADEMIA-EDUKACYJNA-11x12.png 11w\" sizes=\"(max-width: 349px) 100vw, 349px\" \/>\t\t\t\t\t\t\t\t\t\t\t\t\t\t\t<\/div>\n\t\t\t\t<\/div>\n\t\t\t\t\t<\/div>\n\t\t\t\t<\/div>\n\t\t<div class=\"has_eae_slider elementor-element elementor-element-8e914b1 e-flex e-con-boxed e-con e-parent\" data-eae-slider=\"89294\" data-id=\"8e914b1\" data-element_type=\"container\" data-e-type=\"container\">\n\t\t\t\t\t<div class=\"e-con-inner\">\n\t\t\t\t<div class=\"elementor-element elementor-element-e6301ca elementor-widget elementor-widget-heading\" data-id=\"e6301ca\" data-element_type=\"widget\" data-e-type=\"widget\" data-widget_type=\"heading.default\">\n\t\t\t\t<div class=\"elementor-widget-container\">\n\t\t\t\t\t<h5 class=\"elementor-heading-title elementor-size-default\">FUNDACJA VCC \u2013 KWALIFIKACJE DLA KA\u017bDEGO - KWALIFIKACJE DLA PRZYSZ\u0141O\u015aCI!<\/h5>\t\t\t\t<\/div>\n\t\t\t\t<\/div>\n\t\t\t\t<div class=\"elementor-element elementor-element-21910e5 elementor-widget elementor-widget-text-editor\" data-id=\"21910e5\" data-element_type=\"widget\" data-e-type=\"widget\" data-widget_type=\"text-editor.default\">\n\t\t\t\t<div class=\"elementor-widget-container\">\n\t\t\t\t\t\t\t\t\t<p>Fundacja VCC od <strong>10 lat<\/strong> prowadzi dzia\u0142ania badawczo-rozwojowe w zakresie kszta\u0142cenia zawodowego oraz transferu wiedzy i innowacji z wykorzystaniem zasob\u00f3w kapita\u0142u intelektualnego.<\/p><p><strong>Obserwuje i analizuje<\/strong> dynamicznie zmieniaj\u0105cy si\u0119 rynek pracy oraz badamy zapotrzebowanie pracodawc\u00f3w na okre\u015blone kwalifikacje. <strong>Promuje <\/strong>r\u00f3wnie\u017c koncepcj\u0119 uczenia si\u0119 przez ca\u0142e \u017cycie i mobilno\u015bci zawodowej.<\/p><p>Wynikiem prac Fundacji jest jednolity system kszta\u0142cenia i potwierdzania kwalifikacji rynkowych \u2013 <strong>system VCC<\/strong><strong>\u00a9<\/strong> (Vocational Competence Certificate), kt\u00f3rego jeste\u015bmy w\u0142a\u015bcicielem i operatorem.<\/p><p>Fundacja VCC<strong> opracowuje i wdra\u017ca<\/strong> kwalifikacje rynkowe do Zintegrowanego Systemu Kwalifikacji (ZSK). Od 2016 r. w\u0142\u0105czyli\u015bmy do Systemu <strong>20 kwalifikacj<\/strong>i z r\u00f3\u017cnych dziedzin i aktualnie procedujemy kolejne.<\/p><p>W swojej dzia\u0142alno\u015bci Fundacja \u0142\u0105czy wieloletnie do\u015bwiadczenie i nowoczesne technologie tworz\u0105c \u015brodowiska treningowe <strong>VR<\/strong> dla kwalifikacji rynkowych.<\/p><p><strong>Fundacja VCC bada trendy, aby przewidzie\u0107 zmiany i dostosowa\u0107 edukacj\u0119 do potrzeb rynku!<\/strong><\/p><p>Wi\u0119cej o dzia\u0142alno\u015bci VCC na:<\/p><p><a href=\"http:\/\/www.vccsystem.eu\"><strong>www.vccsystem.eu<\/strong><\/a><\/p><p><a href=\"https:\/\/kwalifikacje.vccsystem.eu\/\"><strong>https:\/\/kwalifikacje.vccsystem.eu\/<\/strong><\/a><\/p><p><a href=\"https:\/\/www.facebook.com\/FundacjaVCC\"><strong>https:\/\/www.facebook.com\/FundacjaVCC<\/strong><\/a><\/p><p><a href=\"https:\/\/www.linkedin.com\/company\/fundacja-vcc\/\"><strong>https:\/\/www.linkedin.com\/company\/fundacja-vcc\/<\/strong><\/a><\/p>\t\t\t\t\t\t\t\t<\/div>\n\t\t\t\t<\/div>\n\t\t\t\t\t<\/div>\n\t\t\t\t<\/div>\n\t\t<div class=\"has_eae_slider elementor-element elementor-element-fe81fb7 e-flex e-con-boxed e-con e-parent\" data-eae-slider=\"27178\" data-id=\"fe81fb7\" data-element_type=\"container\" data-e-type=\"container\">\n\t\t\t\t\t<div class=\"e-con-inner\">\n\t\t\t\t<div class=\"elementor-element elementor-element-84e9157 elementor-widget elementor-widget-html\" data-id=\"84e9157\" data-element_type=\"widget\" data-e-type=\"widget\" data-widget_type=\"html.default\">\n\t\t\t\t<div class=\"elementor-widget-container\">\n\t\t\t\t\t<iframe src=\"https:\/\/templars.digital\/wp-content\/uploads\/2026\/02\/vcc_informacje.pdf\" style=\"min-height: 50dvh\"><\/iframe>\t\t\t\t<\/div>\n\t\t\t\t<\/div>\n\t\t\t\t\t<\/div>\n\t\t\t\t<\/div>\n\t\t\t\t<\/div>","protected":false},"excerpt":{"rendered":"<p>Poznaj nasz\u0105 ofert\u0119 Szkolenia Jeste\u015bmy Trenerami! Nasza firma przesz\u0142a pozytywnie proces akredytacji i uzyska\u0142a status Akademii Edukacyjnej VCC oraz Partnera Egzaminacyjnego VCC! FUNDACJA VCC \u2013 KWALIFIKACJE DLA KA\u017bDEGO &#8211; KWALIFIKACJE DLA PRZYSZ\u0141O\u015aCI! Fundacja VCC od 10 lat prowadzi dzia\u0142ania badawczo-rozwojowe w zakresie kszta\u0142cenia zawodowego oraz transferu wiedzy i innowacji z wykorzystaniem zasob\u00f3w kapita\u0142u intelektualnego. Obserwuje [&hellip;]<\/p>\n","protected":false},"author":1,"featured_media":0,"parent":0,"menu_order":0,"comment_status":"closed","ping_status":"closed","template":"elementor_header_footer","meta":{"_monsterinsights_skip_tracking":false,"_monsterinsights_sitenote_active":false,"_monsterinsights_sitenote_note":"","_monsterinsights_sitenote_category":0,"footnotes":""},"class_list":["post-4204","page","type-page","status-publish","hentry"],"aioseo_notices":[],"_links":{"self":[{"href":"https:\/\/templars.digital\/en\/wp-json\/wp\/v2\/pages\/4204","targetHints":{"allow":["GET"]}}],"collection":[{"href":"https:\/\/templars.digital\/en\/wp-json\/wp\/v2\/pages"}],"about":[{"href":"https:\/\/templars.digital\/en\/wp-json\/wp\/v2\/types\/page"}],"author":[{"embeddable":true,"href":"https:\/\/templars.digital\/en\/wp-json\/wp\/v2\/users\/1"}],"replies":[{"embeddable":true,"href":"https:\/\/templars.digital\/en\/wp-json\/wp\/v2\/comments?post=4204"}],"version-history":[{"count":12,"href":"https:\/\/templars.digital\/en\/wp-json\/wp\/v2\/pages\/4204\/revisions"}],"predecessor-version":[{"id":4220,"href":"https:\/\/templars.digital\/en\/wp-json\/wp\/v2\/pages\/4204\/revisions\/4220"}],"wp:attachment":[{"href":"https:\/\/templars.digital\/en\/wp-json\/wp\/v2\/media?parent=4204"}],"curies":[{"name":"wp","href":"https:\/\/api.w.org\/{rel}","templated":true}]}}