{"id":43,"date":"2023-06-03T17:07:22","date_gmt":"2023-06-03T15:07:22","guid":{"rendered":"http:\/\/localhost\/?page_id=43"},"modified":"2025-10-05T00:00:15","modified_gmt":"2025-10-04T22:00:15","slug":"policy","status":"publish","type":"page","link":"https:\/\/templars.digital\/en\/policy\/","title":{"rendered":"Service regulations"},"content":{"rendered":"<div data-elementor-type=\"wp-page\" data-elementor-id=\"43\" class=\"elementor elementor-43\" data-elementor-post-type=\"page\">\n\t\t\t\t<div data-eae-particle=\"{  &quot;particles&quot;: {    &quot;number&quot;: {      &quot;value&quot;: 80,      &quot;density&quot;: {        &quot;enable&quot;: true,        &quot;value_area&quot;: 800      }    },    &quot;color&quot;: {      &quot;value&quot;: &quot;#ea3e24&quot;    },    &quot;shape&quot;: {      &quot;type&quot;: &quot;circle&quot;,      &quot;stroke&quot;: {        &quot;width&quot;: 0,        &quot;color&quot;: &quot;#000000&quot;      },      &quot;polygon&quot;: {        &quot;nb_sides&quot;: 5      },      &quot;image&quot;: {        &quot;src&quot;: &quot;img\/github.svg&quot;,        &quot;width&quot;: 100,        &quot;height&quot;: 100      }    },    &quot;opacity&quot;: {      &quot;value&quot;: 0.5,      &quot;random&quot;: false,      &quot;anim&quot;: {        &quot;enable&quot;: false,        &quot;speed&quot;: 1,        &quot;opacity_min&quot;: 0.1,        &quot;sync&quot;: false      }    },    &quot;size&quot;: {      &quot;value&quot;: 3,      &quot;random&quot;: true,      &quot;anim&quot;: {        &quot;enable&quot;: false,        &quot;speed&quot;: 40,        &quot;size_min&quot;: 0.1,        &quot;sync&quot;: false      }    },    &quot;line_linked&quot;: {      &quot;enable&quot;: true,      &quot;distance&quot;: 150,      &quot;color&quot;: &quot;#c3c3c3&quot;,      &quot;opacity&quot;: 0.3,      &quot;width&quot;: 1    },    &quot;move&quot;: {      &quot;enable&quot;: true,      &quot;speed&quot;: 6,      &quot;direction&quot;: &quot;none&quot;,      &quot;random&quot;: false,      &quot;straight&quot;: false,      &quot;out_mode&quot;: &quot;out&quot;,      &quot;bounce&quot;: false,      &quot;attract&quot;: {        &quot;enable&quot;: false,        &quot;rotateX&quot;: 600,        &quot;rotateY&quot;: 1200      }    }  },  &quot;interactivity&quot;: {    &quot;detect_on&quot;: &quot;canvas&quot;,    &quot;events&quot;: {      &quot;onhover&quot;: {        &quot;enable&quot;: true,        &quot;mode&quot;: &quot;repulse&quot;      },      &quot;onclick&quot;: {        &quot;enable&quot;: true,        &quot;mode&quot;: &quot;push&quot;      },      &quot;resize&quot;: true    },    &quot;modes&quot;: {      &quot;grab&quot;: {        &quot;distance&quot;: 400,        &quot;line_linked&quot;: {          &quot;opacity&quot;: 1        }      },      &quot;bubble&quot;: {        &quot;distance&quot;: 400,        &quot;size&quot;: 40,        &quot;duration&quot;: 2,        &quot;opacity&quot;: 8,        &quot;speed&quot;: 3      },      &quot;repulse&quot;: {        &quot;distance&quot;: 200,        &quot;duration&quot;: 0.4      },      &quot;push&quot;: {        &quot;particles_nb&quot;: 4      },      &quot;remove&quot;: {        &quot;particles_nb&quot;: 2      }    }  },  &quot;retina_detect&quot;: true}\" class=\"has_eae_slider elementor-element elementor-element-ac329c2 eae-particle-yes e-flex e-con-boxed e-con e-parent\" data-eae-slider=\"79725\" data-id=\"ac329c2\" data-element_type=\"container\" data-settings=\"{&quot;background_background&quot;:&quot;classic&quot;}\">\n\t\t\t\t\t<div class=\"e-con-inner\">\n\t\t\t\t<div class=\"elementor-element elementor-element-8ed0ee6 pageTitle2 elementor-invisible elementor-widget elementor-widget-heading\" data-id=\"8ed0ee6\" data-element_type=\"widget\" data-settings=\"{&quot;_animation&quot;:&quot;fadeInDown&quot;,&quot;_animation_delay&quot;:100}\" data-widget_type=\"heading.default\">\n\t\t\t\t<div class=\"elementor-widget-container\">\n\t\t\t\t\t<p class=\"elementor-heading-title elementor-size-default\">legal information<\/p>\t\t\t\t<\/div>\n\t\t\t\t<\/div>\n\t\t\t\t<div class=\"elementor-element elementor-element-45a240c pageTitle1 elementor-invisible elementor-widget elementor-widget-heading\" data-id=\"45a240c\" data-element_type=\"widget\" data-settings=\"{&quot;_animation&quot;:&quot;fadeInDown&quot;,&quot;_animation_delay&quot;:250}\" data-widget_type=\"heading.default\">\n\t\t\t\t<div class=\"elementor-widget-container\">\n\t\t\t\t\t<h1 class=\"elementor-heading-title elementor-size-default\">Service regulations<\/h1>\t\t\t\t<\/div>\n\t\t\t\t<\/div>\n\t\t\t\t\t<\/div>\n\t\t\t\t<\/div>\n\t\t<div class=\"has_eae_slider elementor-element elementor-element-0c8de2e e-flex e-con-boxed elementor-invisible e-con e-parent\" data-eae-slider=\"85257\" data-id=\"0c8de2e\" data-element_type=\"container\" data-settings=\"{&quot;background_background&quot;:&quot;classic&quot;,&quot;animation&quot;:&quot;fadeIn&quot;,&quot;animation_delay&quot;:300}\">\n\t\t\t\t\t<div class=\"e-con-inner\">\n\t\t<section class=\"has_eae_slider elementor-element elementor-element-919c930 e-con-full e-flex e-con e-child\" data-eae-slider=\"56713\" data-id=\"919c930\" data-element_type=\"container\" data-settings=\"{&quot;animation_tablet&quot;:&quot;fadeIn&quot;}\">\n\t\t\t\t<div class=\"elementor-element elementor-element-0ada112 elementor-widget elementor-widget-text-editor\" data-id=\"0ada112\" data-element_type=\"widget\" data-widget_type=\"text-editor.default\">\n\t\t\t\t<div class=\"elementor-widget-container\">\n\t\t\t\t\t\t\t\t\t<p>These terms and conditions of services, hereinafter referred to as the \"Terms and Conditions\", set forth the general terms and conditions for the provision of services by Digital Templars Sp z o.o., hereinafter referred to as the \"Provider\", with its registered office in 43-360 Bystra, 4B\/4 Juliana Fa\u0142ata Street, registered under the KRS number 0000604759, addressed to customers hereinafter referred to as \"Customers\" using the IT solutions and services offered by the Provider, including but not limited to: design, implementation and maintenance of software, consulting services, technical support and other IT services specified in individual contracts with Customers.<\/p>\t\t\t\t\t\t\t\t<\/div>\n\t\t\t\t<\/div>\n\t\t\t\t<\/section>\n\t\t\t\t\t<\/div>\n\t\t\t\t<\/div>\n\t\t<div class=\"has_eae_slider elementor-element elementor-element-f82a37a e-flex e-con-boxed elementor-invisible e-con e-parent\" data-eae-slider=\"23883\" data-id=\"f82a37a\" data-element_type=\"container\" data-settings=\"{&quot;background_background&quot;:&quot;classic&quot;,&quot;animation&quot;:&quot;fadeIn&quot;,&quot;animation_delay&quot;:350}\">\n\t\t\t\t\t<div class=\"e-con-inner\">\n\t\t\t\t<div class=\"elementor-element elementor-element-4a1beec elementor-widget elementor-widget-text-editor\" data-id=\"4a1beec\" data-element_type=\"widget\" data-widget_type=\"text-editor.default\">\n\t\t\t\t<div class=\"elementor-widget-container\">\n\t\t\t\t\t\t\t\t\t<p>The purpose of these Regulations is to define the basic principles of cooperation, to ensure the high quality of services provided, as well as to protect the rights and obligations of both the Clients and the Provider. By proceeding to use the services offered by Digital Templars sp. z o.o., the Client agrees to the conditions set forth in these Regulations and undertakes to abide by them.<\/p><p>The Terms and Conditions are available and can be downloaded from the Supplier's official website, and their acceptance is necessary to start any cooperation. The Supplier reserves the right to make changes to the Terms and Conditions, of which it undertakes to inform Customers in an appropriate manner.<\/p><h5><strong>General provisions<\/strong><\/h5><ol><li><p>The Regulations set forth the rules for the provision of IT services by Digital Templars sp. z o.o. (hereinafter: \"Provider\") for the benefit of clients (hereinafter: \"Client\").<\/p><\/li><li><p>IT services include, but are not limited to: software design and implementation, technical support, IT systems maintenance, and technology consulting.<\/p><\/li><\/ol><h4>\u00a0<\/h4><h5><strong style=\"background-color: transparent; color: var( --e-global-color-secondary ); letter-spacing: var( --e-global-typography-421c8a7-letter-spacing ); word-spacing: var( --e-global-typography-421c8a7-word-spacing );\">Scope of services<\/strong><\/h5><ol><li><p>The detailed scope of services provided, completion dates and financial terms will be specified in a separate contract or order.<\/p><\/li><\/ol><h4>\u00a0<\/h4><h5><strong>Terms of service<\/strong><\/h5><ol><li>The Supplier agrees to perform services with due diligence, in accordance with applicable industry standards and best practices.<\/li><li>The Customer agrees to provide all information and materials necessary to perform the service and to cooperate with the Supplier.<\/li><\/ol><h4>\u00a0<\/h4><h5><strong>Time and place of service provision<\/strong><\/h5><ol><li><p>Services will be provided remotely or at the customer's premises, depending on the arrangements in the contract.<\/p><\/li><\/ol><h4>\u00a0<\/h4><h5><strong>Payments<\/strong><\/h5><ol><li><p>Service prices, payment terms and billing details will be specified in the contract or order.<\/p><\/li><li><p>Late payments may result in the suspension of services until the arrears are settled.<\/p><\/li><\/ol><h4>\u00a0<\/h4><h5><strong>Intellectual property rights<\/strong><\/h5><ol><li><p>All rights to the results of the work, including software, documentation and materials developed as part of the provision of services, belong to the Supplier, unless otherwise specified in the contract.<\/p><\/li><li><p>The client receives a license to use the results of the work to the extent specified in the contract.<\/p><\/li><\/ol><h4>\u00a0<\/h4><h5><strong>Responsibility<\/strong><\/h5><ol><li><p>The Supplier shall not be liable for damages caused by the Customer's actions contrary to the Supplier's instructions or as a result of force majeure.<\/p><\/li><\/ol><h4>\u00a0<\/h4><h5><strong>Final provisions<\/strong><\/h5><ol><li><p>Any disputes arising from the performance of services will be resolved amicably, and in case of disagreement - by a court with jurisdiction over the Provider's headquarters.<\/p><\/li><li><p>Amendments to the rules and regulations may be made by the Supplier, and the Customer will be informed of them within the established timeframe.<\/p><\/li><li><p>The regulations were updated on 31.12.2024.<\/p><\/li><\/ol>\t\t\t\t\t\t\t\t<\/div>\n\t\t\t\t<\/div>\n\t\t\t\t\t<\/div>\n\t\t\t\t<\/div>\n\t\t<div class=\"has_eae_slider elementor-element elementor-element-8f3742a e-flex e-con-boxed e-con e-parent\" data-eae-slider=\"70883\" data-id=\"8f3742a\" data-element_type=\"container\" data-settings=\"{&quot;background_background&quot;:&quot;classic&quot;}\">\n\t\t\t\t\t<div class=\"e-con-inner\">\n\t\t\t\t\t<\/div>\n\t\t\t\t<\/div>\n\t\t\t\t<\/div>","protected":false},"excerpt":{"rendered":"<p>informacje prawne Regulamin us\u0142ug Niniejszy regulamin us\u0142ug zwany dalej &#8222;Regulaminem&#8221; okre\u015bla og\u00f3lne warunki \u015bwiadczenia us\u0142ug przez Digital Templars Sp z o.o. zwanej dalej &#8222;Dostawc\u0105&#8221;, z siedzib\u0105 w 43-360 Bystra przy ul. Juliana Fa\u0142ata 4B\/4, zarejestrowan\u0105 pod numerem KRS 0000604759, adresowanych do klient\u00f3w zwanych dalej &#8222;Klientami&#8221; korzystaj\u0105cych z oferowanych przez Dostawc\u0119 rozwi\u0105za\u0144 i us\u0142ug w zakresie [&hellip;]<\/p>","protected":false},"author":1,"featured_media":0,"parent":0,"menu_order":16,"comment_status":"closed","ping_status":"closed","template":"elementor_header_footer","meta":{"_monsterinsights_skip_tracking":false,"_monsterinsights_sitenote_active":false,"_monsterinsights_sitenote_note":"","_monsterinsights_sitenote_category":0,"footnotes":""},"class_list":["post-43","page","type-page","status-publish","hentry"],"aioseo_notices":[],"_links":{"self":[{"href":"https:\/\/templars.digital\/en\/wp-json\/wp\/v2\/pages\/43","targetHints":{"allow":["GET"]}}],"collection":[{"href":"https:\/\/templars.digital\/en\/wp-json\/wp\/v2\/pages"}],"about":[{"href":"https:\/\/templars.digital\/en\/wp-json\/wp\/v2\/types\/page"}],"author":[{"embeddable":true,"href":"https:\/\/templars.digital\/en\/wp-json\/wp\/v2\/users\/1"}],"replies":[{"embeddable":true,"href":"https:\/\/templars.digital\/en\/wp-json\/wp\/v2\/comments?post=43"}],"version-history":[{"count":33,"href":"https:\/\/templars.digital\/en\/wp-json\/wp\/v2\/pages\/43\/revisions"}],"predecessor-version":[{"id":4083,"href":"https:\/\/templars.digital\/en\/wp-json\/wp\/v2\/pages\/43\/revisions\/4083"}],"wp:attachment":[{"href":"https:\/\/templars.digital\/en\/wp-json\/wp\/v2\/media?parent=43"}],"curies":[{"name":"wp","href":"https:\/\/api.w.org\/{rel}","templated":true}]}}