{"id":45,"date":"2023-06-03T17:07:35","date_gmt":"2023-06-03T15:07:35","guid":{"rendered":"http:\/\/localhost\/?page_id=45"},"modified":"2025-10-05T00:01:35","modified_gmt":"2025-10-04T22:01:35","slug":"privacy","status":"publish","type":"page","link":"https:\/\/templars.digital\/en\/privacy\/","title":{"rendered":"Privacy Policy"},"content":{"rendered":"\t\t<div data-elementor-type=\"wp-page\" data-elementor-id=\"45\" class=\"elementor elementor-45\" data-elementor-post-type=\"page\">\n\t\t\t\t<div data-eae-particle=\"{\r\n  &quot;particles&quot;: {\r\n    &quot;number&quot;: {\r\n      &quot;value&quot;: 80,\r\n      &quot;density&quot;: {\r\n        &quot;enable&quot;: true,\r\n        &quot;value_area&quot;: 800\r\n      }\r\n    },\r\n    &quot;color&quot;: {\r\n      &quot;value&quot;: &quot;#ea3e24&quot;\r\n    },\r\n    &quot;shape&quot;: {\r\n      &quot;type&quot;: &quot;circle&quot;,\r\n      &quot;stroke&quot;: {\r\n        &quot;width&quot;: 0,\r\n        &quot;color&quot;: &quot;#000000&quot;\r\n      },\r\n      &quot;polygon&quot;: {\r\n        &quot;nb_sides&quot;: 5\r\n      },\r\n      &quot;image&quot;: {\r\n        &quot;src&quot;: &quot;img\/github.svg&quot;,\r\n        &quot;width&quot;: 100,\r\n        &quot;height&quot;: 100\r\n      }\r\n    },\r\n    &quot;opacity&quot;: {\r\n      &quot;value&quot;: 0.5,\r\n      &quot;random&quot;: false,\r\n      &quot;anim&quot;: {\r\n        &quot;enable&quot;: false,\r\n        &quot;speed&quot;: 1,\r\n        &quot;opacity_min&quot;: 0.1,\r\n        &quot;sync&quot;: false\r\n      }\r\n    },\r\n    &quot;size&quot;: {\r\n      &quot;value&quot;: 3,\r\n      &quot;random&quot;: true,\r\n      &quot;anim&quot;: {\r\n        &quot;enable&quot;: false,\r\n        &quot;speed&quot;: 40,\r\n        &quot;size_min&quot;: 0.1,\r\n        &quot;sync&quot;: false\r\n      }\r\n    },\r\n    &quot;line_linked&quot;: {\r\n      &quot;enable&quot;: true,\r\n      &quot;distance&quot;: 150,\r\n      &quot;color&quot;: &quot;#c3c3c3&quot;,\r\n      &quot;opacity&quot;: 0.3,\r\n      &quot;width&quot;: 1\r\n    },\r\n    &quot;move&quot;: {\r\n      &quot;enable&quot;: true,\r\n      &quot;speed&quot;: 6,\r\n      &quot;direction&quot;: &quot;none&quot;,\r\n      &quot;random&quot;: false,\r\n      &quot;straight&quot;: false,\r\n      &quot;out_mode&quot;: &quot;out&quot;,\r\n      &quot;bounce&quot;: false,\r\n      &quot;attract&quot;: {\r\n        &quot;enable&quot;: false,\r\n        &quot;rotateX&quot;: 600,\r\n        &quot;rotateY&quot;: 1200\r\n      }\r\n    }\r\n  },\r\n  &quot;interactivity&quot;: {\r\n    &quot;detect_on&quot;: &quot;canvas&quot;,\r\n    &quot;events&quot;: {\r\n      &quot;onhover&quot;: {\r\n        &quot;enable&quot;: true,\r\n        &quot;mode&quot;: &quot;repulse&quot;\r\n      },\r\n      &quot;onclick&quot;: {\r\n        &quot;enable&quot;: true,\r\n        &quot;mode&quot;: &quot;push&quot;\r\n      },\r\n      &quot;resize&quot;: true\r\n    },\r\n    &quot;modes&quot;: {\r\n      &quot;grab&quot;: {\r\n        &quot;distance&quot;: 400,\r\n        &quot;line_linked&quot;: {\r\n          &quot;opacity&quot;: 1\r\n        }\r\n      },\r\n      &quot;bubble&quot;: {\r\n        &quot;distance&quot;: 400,\r\n        &quot;size&quot;: 40,\r\n        &quot;duration&quot;: 2,\r\n        &quot;opacity&quot;: 8,\r\n        &quot;speed&quot;: 3\r\n      },\r\n      &quot;repulse&quot;: {\r\n        &quot;distance&quot;: 200,\r\n        &quot;duration&quot;: 0.4\r\n      },\r\n      &quot;push&quot;: {\r\n        &quot;particles_nb&quot;: 4\r\n      },\r\n      &quot;remove&quot;: {\r\n        &quot;particles_nb&quot;: 2\r\n      }\r\n    }\r\n  },\r\n  &quot;retina_detect&quot;: true\r\n}\" class=\"has_eae_slider elementor-element elementor-element-46a1d1ca eae-particle-yes e-flex e-con-boxed e-con e-parent\" data-eae-slider=\"88540\" data-id=\"46a1d1ca\" data-element_type=\"container\" data-e-type=\"container\" data-settings=\"{&quot;background_background&quot;:&quot;classic&quot;}\">\n\t\t\t\t\t<div class=\"e-con-inner\">\n\t\t\t\t<div class=\"elementor-element elementor-element-319499cd pageTitle2 elementor-invisible elementor-widget elementor-widget-heading\" data-id=\"319499cd\" data-element_type=\"widget\" data-e-type=\"widget\" data-settings=\"{&quot;_animation&quot;:&quot;fadeInDown&quot;,&quot;_animation_delay&quot;:100}\" data-widget_type=\"heading.default\">\n\t\t\t\t<div class=\"elementor-widget-container\">\n\t\t\t\t\t<p class=\"elementor-heading-title elementor-size-default\">informacje prawne<\/p>\t\t\t\t<\/div>\n\t\t\t\t<\/div>\n\t\t\t\t<div class=\"elementor-element elementor-element-37d142c0 elementor-invisible elementor-widget elementor-widget-heading\" data-id=\"37d142c0\" data-element_type=\"widget\" data-e-type=\"widget\" data-settings=\"{&quot;_animation&quot;:&quot;fadeInDown&quot;,&quot;_animation_delay&quot;:250}\" data-widget_type=\"heading.default\">\n\t\t\t\t<div class=\"elementor-widget-container\">\n\t\t\t\t\t<h1 class=\"elementor-heading-title elementor-size-default\">Polityka prywatno\u015bci<\/h1>\t\t\t\t<\/div>\n\t\t\t\t<\/div>\n\t\t\t\t\t<\/div>\n\t\t\t\t<\/div>\n\t\t<div class=\"has_eae_slider elementor-element elementor-element-5869f5f e-flex e-con-boxed elementor-invisible e-con e-parent\" data-eae-slider=\"19407\" data-id=\"5869f5f\" data-element_type=\"container\" data-e-type=\"container\" data-settings=\"{&quot;background_background&quot;:&quot;classic&quot;,&quot;animation&quot;:&quot;fadeIn&quot;,&quot;animation_delay&quot;:300}\">\n\t\t\t\t\t<div class=\"e-con-inner\">\n\t\t<section class=\"has_eae_slider elementor-element elementor-element-774e451 e-con-full e-flex e-con e-child\" data-eae-slider=\"28735\" data-id=\"774e451\" data-element_type=\"container\" data-e-type=\"container\" data-settings=\"{&quot;animation_tablet&quot;:&quot;fadeIn&quot;}\">\n\t\t\t\t<div class=\"elementor-element elementor-element-f260d5b elementor-widget elementor-widget-text-editor\" data-id=\"f260d5b\" data-element_type=\"widget\" data-e-type=\"widget\" data-widget_type=\"text-editor.default\">\n\t\t\t\t<div class=\"elementor-widget-container\">\n\t\t\t\t\t\t\t\t\t<p>Niniejsza Polityka Prywatno\u015bci okre\u015bla zasady przechowywania i dost\u0119pu do informacji na urz\u0105dzeniach U\u017cytkownika za pomoc\u0105 plik\u00f3w Cookies, s\u0142u\u017c\u0105cych realizacji us\u0142ug \u015bwiadczonych drog\u0105 elektroniczn\u0105 przez Digital Templars sp. z o.o. z siedzib\u0105 w Bystrej, ul. Juliana Fa\u0142ata, 43-360 Bystra.<\/p>\t\t\t\t\t\t\t\t<\/div>\n\t\t\t\t<\/div>\n\t\t\t\t<\/section>\n\t\t\t\t\t<\/div>\n\t\t\t\t<\/div>\n\t\t<div class=\"has_eae_slider elementor-element elementor-element-1ed5299 e-flex e-con-boxed elementor-invisible e-con e-parent\" data-eae-slider=\"83903\" data-id=\"1ed5299\" data-element_type=\"container\" data-e-type=\"container\" data-settings=\"{&quot;background_background&quot;:&quot;classic&quot;,&quot;animation&quot;:&quot;fadeIn&quot;,&quot;animation_delay&quot;:350}\">\n\t\t\t\t\t<div class=\"e-con-inner\">\n\t\t\t\t<div class=\"elementor-element elementor-element-8ee9f48 elementor-widget elementor-widget-heading\" data-id=\"8ee9f48\" data-element_type=\"widget\" data-e-type=\"widget\" data-widget_type=\"heading.default\">\n\t\t\t\t<div class=\"elementor-widget-container\">\n\t\t\t\t\t<h4 class=\"elementor-heading-title elementor-size-default\">Definicje<\/h4>\t\t\t\t<\/div>\n\t\t\t\t<\/div>\n\t\t\t\t<div class=\"elementor-element elementor-element-40f8e8e elementor-widget elementor-widget-text-editor\" data-id=\"40f8e8e\" data-element_type=\"widget\" data-e-type=\"widget\" data-settings=\"{&quot;_animation_tablet&quot;:&quot;fadeIn&quot;}\" data-widget_type=\"text-editor.default\">\n\t\t\t\t<div class=\"elementor-widget-container\">\n\t\t\t\t\t\t\t\t\t<p><strong>Administrator<\/strong> \u2013 oznacza tutaj Digital Templars sp. z o.o. z siedzib\u0105 w Bystrej, ul. Juliana Fa\u0142ata 4B\/4, 43-360 Bystra, kt\u00f3ry \u015bwiadczy us\u0142ugi drog\u0105 elektroniczn\u0105 oraz przechowuje i uzyskuje dost\u0119p do informacji w urz\u0105dzeniach U\u017cytkownika.<\/p><p><strong>Cookies<\/strong> \u2013 oznacza dane informatyczne, w szczeg\u00f3lno\u015bci niewielkie pliki tekstowe, zapisywane i przechowywane na urz\u0105dzeniach za po\u015brednictwem kt\u00f3rych U\u017cytkownik korzysta ze stron internetowych Serwisu.<\/p><p><strong>Cookies Administratora<\/strong> \u2013 oznacza Cookies zamieszczane przez Administratora, zwi\u0105zane ze \u015bwiadczeniem us\u0142ug droga elektroniczn\u0105 przez Administratora za po\u015brednictwem Serwisu.<\/p><p><strong>Cookies Zewn\u0119trzne<\/strong> \u2013 oznacza Cookies zamieszczane przez partner\u00f3w Administratora, za po\u015brednictwem strony internetowej Serwisu.<\/p><p><strong>Serwis<\/strong> \u2013 oznacza stron\u0119 internetow\u0105 lub aplikacj\u0119, pod kt\u00f3r\u0105 Administrator prowadzi serwis internetowy, portal w tym sklep internetowy, dzia\u0142aj\u0105cych w domenach b\u0119d\u0105cych w\u0142asno\u015bci\u0105 Digital Templars.<\/p><p><strong>Urz\u0105dzenie<\/strong> \u2013 oznacza elektroniczne urz\u0105dzenie za po\u015brednictwem, kt\u00f3rego U\u017cytkownik uzyskuje dost\u0119p do Serwisu.<\/p><p><strong>U\u017cytkownik<\/strong> \u2013 oznacza podmiot, na rzecz kt\u00f3rego zgodnie z Regulaminem i przepisami prawa mog\u0105 by\u0107 \u015bwiadczone us\u0142ugi drog\u0105 elektroniczn\u0105 lub z kt\u00f3rym zawarta mo\u017ce by\u0107 Umowa o \u015bwiadczenie us\u0142ug drog\u0105 elektroniczn\u0105.<\/p>\t\t\t\t\t\t\t\t<\/div>\n\t\t\t\t<\/div>\n\t\t\t\t<div class=\"elementor-element elementor-element-410b44d elementor-widget elementor-widget-heading\" data-id=\"410b44d\" data-element_type=\"widget\" data-e-type=\"widget\" data-widget_type=\"heading.default\">\n\t\t\t\t<div class=\"elementor-widget-container\">\n\t\t\t\t\t<h4 class=\"elementor-heading-title elementor-size-default\">Rodzaje wykorzystywanych Cookies\n<\/h4>\t\t\t\t<\/div>\n\t\t\t\t<\/div>\n\t\t\t\t<div class=\"elementor-element elementor-element-e4fec3e elementor-widget elementor-widget-text-editor\" data-id=\"e4fec3e\" data-element_type=\"widget\" data-e-type=\"widget\" data-settings=\"{&quot;_animation_tablet&quot;:&quot;fadeIn&quot;}\" data-widget_type=\"text-editor.default\">\n\t\t\t\t<div class=\"elementor-widget-container\">\n\t\t\t\t\t\t\t\t\t<ol><li><p>Stosowane przez Administratora Cookies s\u0105 bezpieczne dla Urz\u0105dzenia U\u017cytkownika. W szczeg\u00f3lno\u015bci t\u0105 drog\u0105 nie jest mo\u017cliwe przedostanie si\u0119 do Urz\u0105dze\u0144 U\u017cytkownik\u00f3w wirus\u00f3w lub innego niechcianego oprogramowania lub oprogramowania z\u0142o\u015bliwego. Pliki te pozwalaj\u0105 zidentyfikowa\u0107 oprogramowanie wykorzystywane przez U\u017cytkownika i dostosowa\u0107 Serwis indywidualnie ka\u017cdemu U\u017cytkownikowi. Cookies zazwyczaj zawieraj\u0105 nazw\u0119 domeny, z kt\u00f3rej pochodz\u0105, czas przechowywania ich na Urz\u0105dzeniu oraz przypisan\u0105 warto\u015b\u0107. Administrator wykorzystuje dwa typy plik\u00f3w cookies:<\/p><ol><li><p><strong>Cookies sesyjne <\/strong>&#8211; s\u0105 przechowywane na Urz\u0105dzeniu U\u017cytkownika i pozostaj\u0105 tam do momentu zako\u0144czenia sesji danej przegl\u0105darki. Zapisane informacje s\u0105 w\u00f3wczas trwale usuwane z pami\u0119ci Urz\u0105dzenia. Mechanizm cookies sesyjnych nie pozwala na pobieranie jakichkolwiek danych osobowych ani \u017cadnych informacji poufnych z Urz\u0105dzenia U\u017cytkownika.<\/p><\/li><li><p><strong>Cookies trwa\u0142e <\/strong>&#8211;\u00a0s\u0105 przechowywane na Urz\u0105dzeniu U\u017cytkownika i pozostaj\u0105 tam do momentu ich skasowania. Zako\u0144czenie sesji danej przegl\u0105darki lub wy\u0142\u0105czenie Urz\u0105dzenia nie powoduje ich usuni\u0119cia z Urz\u0105dzenia U\u017cytkownika. Mechanizm cookies trwa\u0142ych nie pozwala na pobieranie jakichkolwiek danych osobowych ani \u017cadnych informacji poufnych z Urz\u0105dzenia U\u017cytkownika.<\/p><\/li><\/ol><\/li><li><p>U\u017cytkownik ma mo\u017cliwo\u015b\u0107 ograniczenia lub wy\u0142\u0105czenia dost\u0119pu plik\u00f3w cookies do swojego Urz\u0105dzenia. W przypadku skorzystania z tej opcji korzystanie ze Serwisu b\u0119dzie mo\u017cliwe, poza funkcjami, kt\u00f3re ze swojej natury wymagaj\u0105 plik\u00f3w cookies.<\/p><\/li><\/ol>\t\t\t\t\t\t\t\t<\/div>\n\t\t\t\t<\/div>\n\t\t\t\t<div class=\"elementor-element elementor-element-b7f3fe9 elementor-widget elementor-widget-heading\" data-id=\"b7f3fe9\" data-element_type=\"widget\" data-e-type=\"widget\" data-widget_type=\"heading.default\">\n\t\t\t\t<div class=\"elementor-widget-container\">\n\t\t\t\t\t<h4 class=\"elementor-heading-title elementor-size-default\">Cele w jakich wykorzystywane s\u0105 Cookies\n<\/h4>\t\t\t\t<\/div>\n\t\t\t\t<\/div>\n\t\t\t\t<div class=\"elementor-element elementor-element-d2a031a elementor-widget elementor-widget-text-editor\" data-id=\"d2a031a\" data-element_type=\"widget\" data-e-type=\"widget\" data-settings=\"{&quot;_animation_tablet&quot;:&quot;fadeIn&quot;}\" data-widget_type=\"text-editor.default\">\n\t\t\t\t<div class=\"elementor-widget-container\">\n\t\t\t\t\t\t\t\t\t<ol><li><p>Administrator wykorzystuje Cookies W\u0142asne w nast\u0119puj\u0105cych celach:<\/p><ol><li><p>Konfiguracji serwisu,<\/p><\/li><li><p>Dostosowania zawarto\u015bci stron internetowych Serwisu do preferencji U\u017cytkownika oraz optymalizacji korzystania ze stron internetowych Serwisu.<\/p><\/li><li><p>Rozpoznania urz\u0105dzenia U\u017cytkownika Serwisu oraz jego lokalizacj\u0119 i odpowiednio wy\u015bwietlenia strony internetowej, dostosowanej do jego indywidualnych potrzeb;<\/p><\/li><li><p>Zapami\u0119tania ustawie\u0144 wybranych przez U\u017cytkownika i personalizacji interfejsu U\u017cytkownika, np. w zakresie wybranego j\u0119zyka lub regionu, z kt\u00f3rego pochodzi U\u017cytkownik,<\/p><\/li><li><p>Zapami\u0119tania historii odwiedzonych stron w serwisie w celu rekomendacji tre\u015bci,<\/p><\/li><li><p>rozmiaru czcionki, wygl\u0105du strony internetowej itp.<\/p><\/li><li><p>Uwierzytelnienia u\u017cytkownika w serwisie i zapewnienia sesji u\u017cytkownika w serwisie<\/p><\/li><li><p>utrzymania sesji U\u017cytkownika Serwisu (po zalogowaniu), dzi\u0119ki kt\u00f3rej U\u017cytkownik nie musi na ka\u017cdej podstronie Serwisu ponownie wpisywa\u0107 loginu i has\u0142a;<\/p><\/li><li><p>Poprawnej konfiguracji wybranych funkcji Serwisu, umo\u017cliwiaj\u0105c w szczeg\u00f3lno\u015bci weryfikacj\u0119 autentyczno\u015bci sesji przegl\u0105darki.<\/p><\/li><li><p>Optymalizacji i zwi\u0119kszenia wydajno\u015bci us\u0142ug \u015bwiadczonych przez Administratora.<\/p><\/li><li><p>Realizacji proces\u00f3w niezb\u0119dnych dla pe\u0142nej funkcjonalno\u015bci stron internetowych<\/p><\/li><li><p>Dostosowania zawarto\u015bci stron internetowych Serwisu do preferencji U\u017cytkownika oraz optymalizacji korzystania ze stron internetowych Serwisu. W szczeg\u00f3lno\u015bci pliki te pozwalaj\u0105 rozpozna\u0107 podstawowe parametry Urz\u0105dzenia U\u017cytkownika i odpowiednio wy\u015bwietli\u0107 stron\u0119 internetow\u0105, dostosowan\u0105 do jego indywidualnych potrzeb;<\/p><\/li><li><p>Poprawnej obs\u0142ugi programu partnerskiego, umo\u017cliwiaj\u0105c w szczeg\u00f3lno\u015bci weryfikacj\u0119 \u017ar\u00f3de\u0142 przekierowa\u0144 U\u017cytkownik\u00f3w na strony internetowe Serwisu.<\/p><\/li><li><p>Zapami\u0119tania lokalizacji u\u017cytkownika poprawnej konfiguracji wybranych funkcji Serwisu, umo\u017cliwiaj\u0105c w szczeg\u00f3lno\u015bci dostosowanie dostarczanych informacji do U\u017cytkownika z uwzgl\u0119dnieniem jego lokalizacji.<\/p><\/li><li><p>Analiz i bada\u0144 oraz audytu ogl\u0105dalno\u015bci tworzenia anonimowych statystyk, kt\u00f3re pomagaj\u0105 zrozumie\u0107, w jaki spos\u00f3b U\u017cytkownicy Serwisu korzystaj\u0105 ze stron internetowych Serwisu, co umo\u017cliwia ulepszanie ich struktury i zawarto\u015bci;<\/p><\/li><li><p>\u015awiadczenia us\u0142ug reklamowych dostosowania prezentowanych za po\u015brednictwem Serwisu reklam us\u0142ug i produkt\u00f3w firm trzecich;<\/p><\/li><li><p>Zapewnienia bezpiecze\u0144stwa i niezawodno\u015bci serwisu<\/p><\/li><\/ol><\/li><li><p>Administrator us\u0142ugi wykorzystuje Cookies Zewn\u0119trzne w nast\u0119puj\u0105cych celach:<\/p><ol><li><p>Prezentowania tre\u015bci multimedialnych na stronach internetowych Serwisu, kt\u00f3re s\u0105 pobierane z zewn\u0119trznego serwisu internetowego: www.youtube.com [administrator cookies: Google Inc z siedzib\u0105 w USA],<\/p><\/li><li><p>Zbierania og\u00f3lnych i anonimowych danych statycznych za po\u015brednictwem narz\u0119dzi analitycznych: Google Analytics [administrator cookies: Google Inc z siedzib\u0105 w USA],<\/p><\/li><li><p>Zalogowania do serwisu za pomoc\u0105 serwisu spo\u0142eczno\u015bciowego, tj. Facebook Connect [administrator cookies: Facebook Inc z siedzib\u0105 w USA lub Facebook Ireland z siedzib\u0105 w Irlandii] Google [administrator cookies: Google Inc z siedzib\u0105 w USA],<\/p><\/li><li><p>Wykorzystania funkcji interaktywnych w celu popularyzacji serwisu za pomoc\u0105 serwis\u00f3w spo\u0142eczno\u015bciowych, np.: twitter.com [administrator cookies: Twitter Inc. z siedzib\u0105 w USA plus.google.com [administrator cookies: Google Inc z siedzib\u0105 w USA] lub Facebook.com [administrator cookies: Facebook Inc z siedzib\u0105 w USA lub Facebook Ireland z siedzib\u0105 w Irlandii].<\/p><\/li><\/ol><\/li><\/ol>\t\t\t\t\t\t\t\t<\/div>\n\t\t\t\t<\/div>\n\t\t\t\t<div class=\"elementor-element elementor-element-fcd59bb elementor-widget elementor-widget-heading\" data-id=\"fcd59bb\" data-element_type=\"widget\" data-e-type=\"widget\" data-widget_type=\"heading.default\">\n\t\t\t\t<div class=\"elementor-widget-container\">\n\t\t\t\t\t<h4 class=\"elementor-heading-title elementor-size-default\">Mo\u017cliwo\u015bci okre\u015blenia warunk\u00f3w przechowywania lub uzyskiwania dost\u0119pu przez Cookies\n<\/h4>\t\t\t\t<\/div>\n\t\t\t\t<\/div>\n\t\t\t\t<div class=\"elementor-element elementor-element-8698ea9 elementor-widget elementor-widget-text-editor\" data-id=\"8698ea9\" data-element_type=\"widget\" data-e-type=\"widget\" data-settings=\"{&quot;_animation_tablet&quot;:&quot;fadeIn&quot;}\" data-widget_type=\"text-editor.default\">\n\t\t\t\t<div class=\"elementor-widget-container\">\n\t\t\t\t\t\t\t\t\t<ol><li><p>U\u017cytkownik mo\u017ce samodzielnie i w ka\u017cdym czasie zmieni\u0107 ustawienia dotycz\u0105ce plik\u00f3w Cookies, okre\u015blaj\u0105c warunki ich przechowywania i uzyskiwania dost\u0119pu przez pliki Cookies do Urz\u0105dzenia U\u017cytkownika. Zmiany ustawie\u0144, o kt\u00f3rych mowa w zdaniu poprzednim, U\u017cytkownik mo\u017ce dokona\u0107 za pomoc\u0105 ustawie\u0144 przegl\u0105darki internetowej lub za pomoc\u0105 konfiguracji us\u0142ugi.<\/p><\/li><li><p>Ustawienia te mog\u0105 zosta\u0107 zmienione w szczeg\u00f3lno\u015bci w taki spos\u00f3b, aby blokowa\u0107 automatyczn\u0105 obs\u0142ug\u0119 plik\u00f3w cookies w ustawieniach przegl\u0105darki internetowej b\u0105d\u017a informowa\u0107 o ich ka\u017cdorazowym zamieszczeniu Cookies na urz\u0105dzeniu U\u017cytkownika. Szczeg\u00f3\u0142owe informacje o mo\u017cliwo\u015bci i sposobach obs\u0142ugi plik\u00f3w cookies dost\u0119pne s\u0105 w ustawieniach oprogramowania (przegl\u0105darki internetowej).<\/p><\/li><li><p>U\u017cytkownik mo\u017ce w ka\u017cdej chwili usun\u0105\u0107 pliki Cookies korzystaj\u0105c z dost\u0119pnych funkcji w przegl\u0105darce internetowej, kt\u00f3rej u\u017cywa. Ograniczenie stosowania plik\u00f3w Cookies, mo\u017ce wp\u0142yn\u0105\u0107 na niekt\u00f3re funkcjonalno\u015bci<\/p><\/li><\/ol>\t\t\t\t\t\t\t\t<\/div>\n\t\t\t\t<\/div>\n\t\t\t\t<div class=\"elementor-element elementor-element-b0344b2 elementor-widget elementor-widget-heading\" data-id=\"b0344b2\" data-element_type=\"widget\" data-e-type=\"widget\" data-widget_type=\"heading.default\">\n\t\t\t\t<div class=\"elementor-widget-container\">\n\t\t\t\t\t<h4 class=\"elementor-heading-title elementor-size-default\">Przekazywanie danych osobowych<\/h4>\t\t\t\t<\/div>\n\t\t\t\t<\/div>\n\t\t\t\t<div class=\"elementor-element elementor-element-634b400 elementor-widget elementor-widget-text-editor\" data-id=\"634b400\" data-element_type=\"widget\" data-e-type=\"widget\" data-settings=\"{&quot;_animation_tablet&quot;:&quot;fadeIn&quot;}\" data-widget_type=\"text-editor.default\">\n\t\t\t\t<div class=\"elementor-widget-container\">\n\t\t\t\t\t\t\t\t\t<ol><li><p>Dane osobowe \u2013 w zwi\u0105zku z realizacj\u0105 cel\u00f3w wskazanych w punkcie 3 \u2013 mog\u0105 by\u0107 przekazane osobom upowa\u017cnionym przez Administratora w obr\u0119bie prowadzonej przez niego dzia\u0142alno\u015bci oraz podmiotom, kt\u00f3rym Administrator powierzy\u0142 przetwarzanie danych osobowych (podmioty przetwarzaj\u0105ce) na podstawie zawartych um\u00f3w o powierzeniu przetwarzania danych osobowych,<\/p><\/li><li><p>Niezale\u017cnie od tego dane mog\u0105 by\u0107 przekazywane podmiotom uprawnionym, na podstawie powszechnie obowi\u0105zuj\u0105cych przepis\u00f3w prawa.<\/p><\/li><\/ol>\t\t\t\t\t\t\t\t<\/div>\n\t\t\t\t<\/div>\n\t\t\t\t<div class=\"elementor-element elementor-element-ce2c90c elementor-widget elementor-widget-heading\" data-id=\"ce2c90c\" data-element_type=\"widget\" data-e-type=\"widget\" data-widget_type=\"heading.default\">\n\t\t\t\t<div class=\"elementor-widget-container\">\n\t\t\t\t\t<h4 class=\"elementor-heading-title elementor-size-default\">Wykorzystywanie danych<\/h4>\t\t\t\t<\/div>\n\t\t\t\t<\/div>\n\t\t\t\t<div class=\"elementor-element elementor-element-ba0ba99 elementor-widget elementor-widget-text-editor\" data-id=\"ba0ba99\" data-element_type=\"widget\" data-e-type=\"widget\" data-settings=\"{&quot;_animation_tablet&quot;:&quot;fadeIn&quot;}\" data-widget_type=\"text-editor.default\">\n\t\t\t\t<div class=\"elementor-widget-container\">\n\t\t\t\t\t\t\t\t\t<ol><li><p>Zebrane dane przechowujemy przede wszystkim w celu zapewnienia mo\u017cliwie najwy\u017cszej jako\u015bci administrowania serwisem.<\/p><\/li><li><p>Ponadto s\u0142u\u017c\u0105 nam one do sporz\u0105dzania statystyk dotycz\u0105cych sposobu korzystania przez u\u017cytkownik\u00f3w z naszego serwisu. Dane gromadzone przy u\u017cyciu plik\u00f3w \u201ecookies\u201d nie s\u0105 ujawniane osobom trzecim, z wyj\u0105tkiem upowa\u017cnionych przepisami prawa organ\u00f3w w\u0142adzy publicznej.<\/p><\/li><\/ol>\t\t\t\t\t\t\t\t<\/div>\n\t\t\t\t<\/div>\n\t\t\t\t<div class=\"elementor-element elementor-element-de3744e elementor-widget elementor-widget-heading\" data-id=\"de3744e\" data-element_type=\"widget\" data-e-type=\"widget\" data-widget_type=\"heading.default\">\n\t\t\t\t<div class=\"elementor-widget-container\">\n\t\t\t\t\t<h4 class=\"elementor-heading-title elementor-size-default\">Dodatkowe informacje<\/h4>\t\t\t\t<\/div>\n\t\t\t\t<\/div>\n\t\t\t\t<div class=\"elementor-element elementor-element-8475f62 elementor-widget elementor-widget-text-editor\" data-id=\"8475f62\" data-element_type=\"widget\" data-e-type=\"widget\" data-settings=\"{&quot;_animation_tablet&quot;:&quot;fadeIn&quot;}\" data-widget_type=\"text-editor.default\">\n\t\t\t\t<div class=\"elementor-widget-container\">\n\t\t\t\t\t\t\t\t\t<ol><li><p>Administrator danych dok\u0142ada wszelkich stara\u0144, aby zapewni\u0107 maksymalny poziom bezpiecze\u0144stwa przetwarzanych danych przez m.in. szyfrowanie po\u0142\u0105cze\u0144, stosowanie hase\u0142 o wysokim stopniu bezpiecze\u0144stwa, szyfrowanie tre\u015bci oraz stosowanie innych zabezpiecze\u0144 og\u00f3lnie przyj\u0119tych.<\/p><\/li><li><p>Wszelkie materia\u0142y, informacje, dane, a w szczeg\u00f3lno\u015bci uk\u0142ady graficzne i znaki towarowe zamieszczone na stronie www.templars.digital s\u0105 prawnie chronione na mocy przepis\u00f3w ustawy z dnia 4 lutego 1994 r. o prawie autorskim i prawach pokrewnych oraz ustawy z dnia 30 czerwca 2000 r. Prawo w\u0142asno\u015bci przemys\u0142owej. Zabronione jest wykorzystywanie, powielanie, publikacja i przekazywanie osobom trzecim powy\u017cszych informacji bez uprzedniej, pisemnej zgody Digital Templars sp. z o.o. z siedzib\u0105 w Bystrej, ul. Juliana Fa\u0142ata 4B\/4, 43-360 Bystra.<\/p><\/li><\/ol>\t\t\t\t\t\t\t\t<\/div>\n\t\t\t\t<\/div>\n\t\t\t\t\t<\/div>\n\t\t\t\t<\/div>\n\t\t\t\t<\/div>\n\t\t","protected":false},"excerpt":{"rendered":"<p>informacje prawne Polityka prywatno\u015bci Niniejsza Polityka Prywatno\u015bci okre\u015bla zasady przechowywania i dost\u0119pu do informacji na urz\u0105dzeniach U\u017cytkownika za pomoc\u0105 plik\u00f3w Cookies, s\u0142u\u017c\u0105cych realizacji us\u0142ug \u015bwiadczonych drog\u0105 elektroniczn\u0105 przez Digital Templars sp. z o.o. z siedzib\u0105 w Bystrej, ul. Juliana Fa\u0142ata, 43-360 Bystra. Definicje Administrator \u2013 oznacza tutaj Digital Templars sp. z o.o. z siedzib\u0105 w [&hellip;]<\/p>\n","protected":false},"author":1,"featured_media":0,"parent":0,"menu_order":15,"comment_status":"closed","ping_status":"closed","template":"elementor_header_footer","meta":{"_monsterinsights_skip_tracking":false,"_monsterinsights_sitenote_active":false,"_monsterinsights_sitenote_note":"","_monsterinsights_sitenote_category":0,"footnotes":""},"class_list":["post-45","page","type-page","status-publish","hentry"],"aioseo_notices":[],"_links":{"self":[{"href":"https:\/\/templars.digital\/en\/wp-json\/wp\/v2\/pages\/45","targetHints":{"allow":["GET"]}}],"collection":[{"href":"https:\/\/templars.digital\/en\/wp-json\/wp\/v2\/pages"}],"about":[{"href":"https:\/\/templars.digital\/en\/wp-json\/wp\/v2\/types\/page"}],"author":[{"embeddable":true,"href":"https:\/\/templars.digital\/en\/wp-json\/wp\/v2\/users\/1"}],"replies":[{"embeddable":true,"href":"https:\/\/templars.digital\/en\/wp-json\/wp\/v2\/comments?post=45"}],"version-history":[{"count":24,"href":"https:\/\/templars.digital\/en\/wp-json\/wp\/v2\/pages\/45\/revisions"}],"predecessor-version":[{"id":4086,"href":"https:\/\/templars.digital\/en\/wp-json\/wp\/v2\/pages\/45\/revisions\/4086"}],"wp:attachment":[{"href":"https:\/\/templars.digital\/en\/wp-json\/wp\/v2\/media?parent=45"}],"curies":[{"name":"wp","href":"https:\/\/api.w.org\/{rel}","templated":true}]}}